{"id":11401,"date":"2020-02-28T12:31:04","date_gmt":"2020-02-28T12:31:04","guid":{"rendered":"http:\/\/www.marocchallenge.eu\/competidores\/"},"modified":"2025-12-19T12:44:03","modified_gmt":"2025-12-19T12:44:03","slug":"equipes","status":"publish","type":"page","link":"https:\/\/www.marocchallenge.com\/fr\/equipes\/","title":{"rendered":"\u00c9quipes"},"content":{"rendered":"<p><div class=\"fusion-fullwidth fullwidth-box fusion-builder-row-1 has-pattern-background has-mask-background hundred-percent-fullwidth non-hundred-percent-height-scrolling\" style=\"--awb-border-radius-top-left:0px;--awb-border-radius-top-right:0px;--awb-border-radius-bottom-right:0px;--awb-border-radius-bottom-left:0px;--awb-padding-top:2em;--awb-padding-bottom:2em;--awb-flex-wrap:wrap;\" ><div class=\"fusion-builder-row fusion-row\"><div class=\"fusion-layout-column fusion_builder_column fusion-builder-column-0 fusion_builder_column_1_1 1_1 fusion-one-full fusion-column-first fusion-column-last\" style=\"--awb-bg-size:cover;\"><div class=\"fusion-column-wrapper fusion-column-has-shadow fusion-flex-column-wrapper-legacy\"><div class=\"fusion-title title fusion-title-1 fusion-sep-none fusion-title-text fusion-title-size-one\"><h1 class=\"fusion-title-heading title-heading-left fusion-responsive-typography-calculated\" style=\"margin:0;--fontSize:38;line-height:1.4;\"><strong>\u00c9quipes | Spring 2026<\/strong><\/h1><\/div><div class=\"fusion-clearfix\"><\/div><\/div><\/div><\/div><\/div><div class=\"fusion-fullwidth fullwidth-box fusion-builder-row-2 fusion-flex-container has-pattern-background has-mask-background nonhundred-percent-fullwidth non-hundred-percent-height-scrolling\" style=\"--awb-border-radius-top-left:0px;--awb-border-radius-top-right:0px;--awb-border-radius-bottom-right:0px;--awb-border-radius-bottom-left:0px;--awb-padding-top-small:0px;--awb-padding-right-small:0px;--awb-padding-bottom-small:0px;--awb-padding-left-small:0px;--awb-flex-wrap:wrap;\" ><div class=\"fusion-builder-row fusion-row fusion-flex-align-items-flex-start fusion-flex-content-wrap\" style=\"max-width:1185.6px;margin-left: calc(-4% \/ 2 );margin-right: calc(-4% \/ 2 );\"><div class=\"fusion-layout-column fusion_builder_column fusion-builder-column-1 fusion_builder_column_1_1 1_1 fusion-flex-column\" style=\"--awb-bg-size:cover;--awb-width-large:100%;--awb-margin-top-large:0px;--awb-spacing-right-large:1.92%;--awb-margin-bottom-large:20px;--awb-spacing-left-large:1.92%;--awb-width-medium:100%;--awb-order-medium:0;--awb-spacing-right-medium:1.92%;--awb-spacing-left-medium:1.92%;--awb-width-small:100%;--awb-order-small:0;--awb-spacing-right-small:1.92%;--awb-spacing-left-small:1.92%;\"><div class=\"fusion-column-wrapper fusion-column-has-shadow fusion-flex-justify-content-flex-start fusion-content-layout-column\"><script>\n      window.addEventListener('message', message => {\n        if (message.data?.type === \"height\") {\n          const iframe = document.getElementById('iframe');\n          iframe.style.height = message.data.height + 64 + 'px'\n        }\n        const queryParmss = {\n          type: 'queryParams',\n          language: 'fr',\n        };\n        const iframe = document.getElementById('iframe');\n        if (iframe) {\n          iframe.contentWindow.postMessage(queryParmss, '*');\n        }\n      });\n\u00a0\u00a0\u00a0<\/script>\n<iframe id=\"iframe\" src=\"https:\/\/app.marocchallenge.com\/teams\/maroc\">\n<\/iframe><\/div><\/div><\/div><\/div><\/p>\n","protected":false},"excerpt":{"rendered":"","protected":false},"author":5,"featured_media":17218,"parent":0,"menu_order":0,"comment_status":"closed","ping_status":"closed","template":"100-width.php","meta":{"footnotes":""},"class_list":["post-11401","page","type-page","status-publish","has-post-thumbnail","hentry"],"yoast_head":"<!-- This site is optimized with the Yoast SEO plugin v27.1.1 - https:\/\/yoast.com\/product\/yoast-seo-wordpress\/ -->\n<title>Maroc Challenge - \u00c9quipes inscrites<\/title>\n<meta name=\"description\" content=\"La Maroc s\u2019adapte \u00e0 tous les profils. Les diff\u00e9rentes cat\u00e9gories et les parcours adapt\u00e9s \u00e0 chacune d\u2019elles permettent la cohabitation et la jouissance de tout le monde.\" \/>\n<meta name=\"robots\" content=\"index, follow, max-snippet:-1, max-image-preview:large, max-video-preview:-1\" \/>\n<link rel=\"canonical\" href=\"https:\/\/www.marocchallenge.com\/fr\/equipes\/\" \/>\n<meta property=\"og:locale\" content=\"fr_FR\" \/>\n<meta property=\"og:type\" content=\"article\" \/>\n<meta property=\"og:title\" content=\"Maroc Challenge - \u00c9quipes inscrites\" \/>\n<meta property=\"og:description\" content=\"La Maroc s\u2019adapte \u00e0 tous les profils. Les diff\u00e9rentes cat\u00e9gories et les parcours adapt\u00e9s \u00e0 chacune d\u2019elles permettent la cohabitation et la jouissance de tout le monde,\" \/>\n<meta property=\"og:url\" content=\"https:\/\/www.marocchallenge.com\/fr\/equipes\/\" \/>\n<meta property=\"og:site_name\" content=\"Maroc Challenge\" \/>\n<meta property=\"article:publisher\" content=\"https:\/\/www.facebook.com\/MarocChallenge\/\" \/>\n<meta property=\"article:modified_time\" content=\"2025-12-19T12:44:03+00:00\" \/>\n<meta property=\"og:image\" content=\"https:\/\/www.marocchallenge.com\/wp-content\/uploads\/2020\/02\/KFOTO-572938-1.jpg\" \/>\n\t<meta property=\"og:image:width\" content=\"2560\" \/>\n\t<meta property=\"og:image:height\" content=\"1440\" \/>\n\t<meta property=\"og:image:type\" content=\"image\/jpeg\" \/>\n<meta name=\"twitter:card\" content=\"summary_large_image\" \/>\n<meta name=\"twitter:site\" content=\"@marochallenge\" \/>\n<meta name=\"twitter:label1\" content=\"Dur\u00e9e de lecture estim\u00e9e\" \/>\n\t<meta name=\"twitter:data1\" content=\"1 minute\" \/>\n<script type=\"application\/ld+json\" class=\"yoast-schema-graph\">{\"@context\":\"https:\/\/schema.org\",\"@graph\":[{\"@type\":\"WebPage\",\"@id\":\"https:\/\/www.marocchallenge.com\/fr\/equipes\/\",\"url\":\"https:\/\/www.marocchallenge.com\/fr\/equipes\/\",\"name\":\"Maroc Challenge - \u00c9quipes inscrites\",\"isPartOf\":{\"@id\":\"https:\/\/www.marocchallenge.com\/fr\/#website\"},\"primaryImageOfPage\":{\"@id\":\"https:\/\/www.marocchallenge.com\/fr\/equipes\/#primaryimage\"},\"image\":{\"@id\":\"https:\/\/www.marocchallenge.com\/fr\/equipes\/#primaryimage\"},\"thumbnailUrl\":\"https:\/\/www.marocchallenge.com\/wp-content\/uploads\/2021\/09\/splash_screen-300x300_maroc.png\",\"datePublished\":\"2020-02-28T12:31:04+00:00\",\"dateModified\":\"2025-12-19T12:44:03+00:00\",\"description\":\"La Maroc s\u2019adapte \u00e0 tous les profils. Les diff\u00e9rentes cat\u00e9gories et les parcours adapt\u00e9s \u00e0 chacune d\u2019elles permettent la cohabitation et la jouissance de tout le monde.\",\"breadcrumb\":{\"@id\":\"https:\/\/www.marocchallenge.com\/fr\/equipes\/#breadcrumb\"},\"inLanguage\":\"fr-FR\",\"potentialAction\":[{\"@type\":\"ReadAction\",\"target\":[\"https:\/\/www.marocchallenge.com\/fr\/equipes\/\"]}]},{\"@type\":\"ImageObject\",\"inLanguage\":\"fr-FR\",\"@id\":\"https:\/\/www.marocchallenge.com\/fr\/equipes\/#primaryimage\",\"url\":\"https:\/\/www.marocchallenge.com\/wp-content\/uploads\/2021\/09\/splash_screen-300x300_maroc.png\",\"contentUrl\":\"https:\/\/www.marocchallenge.com\/wp-content\/uploads\/2021\/09\/splash_screen-300x300_maroc.png\",\"width\":300,\"height\":300},{\"@type\":\"BreadcrumbList\",\"@id\":\"https:\/\/www.marocchallenge.com\/fr\/equipes\/#breadcrumb\",\"itemListElement\":[{\"@type\":\"ListItem\",\"position\":1,\"name\":\"Portada\",\"item\":\"https:\/\/www.marocchallenge.com\/fr\/\"},{\"@type\":\"ListItem\",\"position\":2,\"name\":\"\u00c9quipes\"}]},{\"@type\":\"WebSite\",\"@id\":\"https:\/\/www.marocchallenge.com\/fr\/#website\",\"url\":\"https:\/\/www.marocchallenge.com\/fr\/\",\"name\":\"Maroc Challenge\",\"description\":\"Le Dakar des ann\u00e9es 70 pour les aventuriers d\u2019aujourd\u2019hui\",\"publisher\":{\"@id\":\"https:\/\/www.marocchallenge.com\/fr\/#organization\"},\"potentialAction\":[{\"@type\":\"SearchAction\",\"target\":{\"@type\":\"EntryPoint\",\"urlTemplate\":\"https:\/\/www.marocchallenge.com\/fr\/?s={search_term_string}\"},\"query-input\":{\"@type\":\"PropertyValueSpecification\",\"valueRequired\":true,\"valueName\":\"search_term_string\"}}],\"inLanguage\":\"fr-FR\"},{\"@type\":\"Organization\",\"@id\":\"https:\/\/www.marocchallenge.com\/fr\/#organization\",\"name\":\"Maroc Challenge - El Dakar de los 70's para los aventureros de hoy\",\"url\":\"https:\/\/www.marocchallenge.com\/fr\/\",\"logo\":{\"@type\":\"ImageObject\",\"inLanguage\":\"fr-FR\",\"@id\":\"https:\/\/www.marocchallenge.com\/fr\/#\/schema\/logo\/image\/\",\"url\":\"https:\/\/www.marocchallenge.com\/wp-content\/uploads\/2020\/03\/Logo-Maroc_Challenge.png\",\"contentUrl\":\"https:\/\/www.marocchallenge.com\/wp-content\/uploads\/2020\/03\/Logo-Maroc_Challenge.png\",\"width\":170,\"height\":96,\"caption\":\"Maroc Challenge - El Dakar de los 70's para los aventureros de hoy\"},\"image\":{\"@id\":\"https:\/\/www.marocchallenge.com\/fr\/#\/schema\/logo\/image\/\"},\"sameAs\":[\"https:\/\/www.facebook.com\/MarocChallenge\/\",\"https:\/\/x.com\/marochallenge\",\"https:\/\/www.instagram.com\/marocchallenge\/\",\"https:\/\/www.linkedin.com\/company\/maroc-challenge\",\"https:\/\/www.youtube.com\/user\/MarocChallenge\"]}]}<\/script>\n<!-- \/ Yoast SEO plugin. -->","yoast_head_json":{"title":"Maroc Challenge - \u00c9quipes inscrites","description":"La Maroc s\u2019adapte \u00e0 tous les profils. Les diff\u00e9rentes cat\u00e9gories et les parcours adapt\u00e9s \u00e0 chacune d\u2019elles permettent la cohabitation et la jouissance de tout le monde.","robots":{"index":"index","follow":"follow","max-snippet":"max-snippet:-1","max-image-preview":"max-image-preview:large","max-video-preview":"max-video-preview:-1"},"canonical":"https:\/\/www.marocchallenge.com\/fr\/equipes\/","og_locale":"fr_FR","og_type":"article","og_title":"Maroc Challenge - \u00c9quipes inscrites","og_description":"La Maroc s\u2019adapte \u00e0 tous les profils. Les diff\u00e9rentes cat\u00e9gories et les parcours adapt\u00e9s \u00e0 chacune d\u2019elles permettent la cohabitation et la jouissance de tout le monde,","og_url":"https:\/\/www.marocchallenge.com\/fr\/equipes\/","og_site_name":"Maroc Challenge","article_publisher":"https:\/\/www.facebook.com\/MarocChallenge\/","article_modified_time":"2025-12-19T12:44:03+00:00","og_image":[{"width":2560,"height":1440,"url":"https:\/\/www.marocchallenge.com\/wp-content\/uploads\/2020\/02\/KFOTO-572938-1.jpg","type":"image\/jpeg"}],"twitter_card":"summary_large_image","twitter_site":"@marochallenge","twitter_misc":{"Dur\u00e9e de lecture estim\u00e9e":"1 minute"},"schema":{"@context":"https:\/\/schema.org","@graph":[{"@type":"WebPage","@id":"https:\/\/www.marocchallenge.com\/fr\/equipes\/","url":"https:\/\/www.marocchallenge.com\/fr\/equipes\/","name":"Maroc Challenge - \u00c9quipes inscrites","isPartOf":{"@id":"https:\/\/www.marocchallenge.com\/fr\/#website"},"primaryImageOfPage":{"@id":"https:\/\/www.marocchallenge.com\/fr\/equipes\/#primaryimage"},"image":{"@id":"https:\/\/www.marocchallenge.com\/fr\/equipes\/#primaryimage"},"thumbnailUrl":"https:\/\/www.marocchallenge.com\/wp-content\/uploads\/2021\/09\/splash_screen-300x300_maroc.png","datePublished":"2020-02-28T12:31:04+00:00","dateModified":"2025-12-19T12:44:03+00:00","description":"La Maroc s\u2019adapte \u00e0 tous les profils. Les diff\u00e9rentes cat\u00e9gories et les parcours adapt\u00e9s \u00e0 chacune d\u2019elles permettent la cohabitation et la jouissance de tout le monde.","breadcrumb":{"@id":"https:\/\/www.marocchallenge.com\/fr\/equipes\/#breadcrumb"},"inLanguage":"fr-FR","potentialAction":[{"@type":"ReadAction","target":["https:\/\/www.marocchallenge.com\/fr\/equipes\/"]}]},{"@type":"ImageObject","inLanguage":"fr-FR","@id":"https:\/\/www.marocchallenge.com\/fr\/equipes\/#primaryimage","url":"https:\/\/www.marocchallenge.com\/wp-content\/uploads\/2021\/09\/splash_screen-300x300_maroc.png","contentUrl":"https:\/\/www.marocchallenge.com\/wp-content\/uploads\/2021\/09\/splash_screen-300x300_maroc.png","width":300,"height":300},{"@type":"BreadcrumbList","@id":"https:\/\/www.marocchallenge.com\/fr\/equipes\/#breadcrumb","itemListElement":[{"@type":"ListItem","position":1,"name":"Portada","item":"https:\/\/www.marocchallenge.com\/fr\/"},{"@type":"ListItem","position":2,"name":"\u00c9quipes"}]},{"@type":"WebSite","@id":"https:\/\/www.marocchallenge.com\/fr\/#website","url":"https:\/\/www.marocchallenge.com\/fr\/","name":"Maroc Challenge","description":"Le Dakar des ann\u00e9es 70 pour les aventuriers d\u2019aujourd\u2019hui","publisher":{"@id":"https:\/\/www.marocchallenge.com\/fr\/#organization"},"potentialAction":[{"@type":"SearchAction","target":{"@type":"EntryPoint","urlTemplate":"https:\/\/www.marocchallenge.com\/fr\/?s={search_term_string}"},"query-input":{"@type":"PropertyValueSpecification","valueRequired":true,"valueName":"search_term_string"}}],"inLanguage":"fr-FR"},{"@type":"Organization","@id":"https:\/\/www.marocchallenge.com\/fr\/#organization","name":"Maroc Challenge - El Dakar de los 70's para los aventureros de hoy","url":"https:\/\/www.marocchallenge.com\/fr\/","logo":{"@type":"ImageObject","inLanguage":"fr-FR","@id":"https:\/\/www.marocchallenge.com\/fr\/#\/schema\/logo\/image\/","url":"https:\/\/www.marocchallenge.com\/wp-content\/uploads\/2020\/03\/Logo-Maroc_Challenge.png","contentUrl":"https:\/\/www.marocchallenge.com\/wp-content\/uploads\/2020\/03\/Logo-Maroc_Challenge.png","width":170,"height":96,"caption":"Maroc Challenge - El Dakar de los 70's para los aventureros de hoy"},"image":{"@id":"https:\/\/www.marocchallenge.com\/fr\/#\/schema\/logo\/image\/"},"sameAs":["https:\/\/www.facebook.com\/MarocChallenge\/","https:\/\/x.com\/marochallenge","https:\/\/www.instagram.com\/marocchallenge\/","https:\/\/www.linkedin.com\/company\/maroc-challenge","https:\/\/www.youtube.com\/user\/MarocChallenge"]}]}},"_links":{"self":[{"href":"https:\/\/www.marocchallenge.com\/fr\/wp-json\/wp\/v2\/pages\/11401","targetHints":{"allow":["GET"]}}],"collection":[{"href":"https:\/\/www.marocchallenge.com\/fr\/wp-json\/wp\/v2\/pages"}],"about":[{"href":"https:\/\/www.marocchallenge.com\/fr\/wp-json\/wp\/v2\/types\/page"}],"author":[{"embeddable":true,"href":"https:\/\/www.marocchallenge.com\/fr\/wp-json\/wp\/v2\/users\/5"}],"replies":[{"embeddable":true,"href":"https:\/\/www.marocchallenge.com\/fr\/wp-json\/wp\/v2\/comments?post=11401"}],"version-history":[{"count":22,"href":"https:\/\/www.marocchallenge.com\/fr\/wp-json\/wp\/v2\/pages\/11401\/revisions"}],"predecessor-version":[{"id":24199,"href":"https:\/\/www.marocchallenge.com\/fr\/wp-json\/wp\/v2\/pages\/11401\/revisions\/24199"}],"wp:featuredmedia":[{"embeddable":true,"href":"https:\/\/www.marocchallenge.com\/fr\/wp-json\/wp\/v2\/media\/17218"}],"wp:attachment":[{"href":"https:\/\/www.marocchallenge.com\/fr\/wp-json\/wp\/v2\/media?parent=11401"}],"curies":[{"name":"wp","href":"https:\/\/api.w.org\/{rel}","templated":true}]}}