{"id":11409,"date":"2020-02-27T16:58:04","date_gmt":"2020-02-27T16:58:04","guid":{"rendered":"http:\/\/www.marocchallenge.eu\/concepto\/"},"modified":"2023-04-05T10:51:29","modified_gmt":"2023-04-05T10:51:29","slug":"concept","status":"publish","type":"page","link":"https:\/\/www.marocchallenge.com\/fr\/concept\/","title":{"rendered":"Concept"},"content":{"rendered":"<div class=\"fusion-fullwidth fullwidth-box fusion-builder-row-1 has-pattern-background has-mask-background hundred-percent-fullwidth non-hundred-percent-height-scrolling\" style=\"--awb-border-radius-top-left:0px;--awb-border-radius-top-right:0px;--awb-border-radius-bottom-right:0px;--awb-border-radius-bottom-left:0px;--awb-padding-top:2em;--awb-padding-bottom:2em;--awb-flex-wrap:wrap;\" ><div class=\"fusion-builder-row fusion-row\"><div class=\"fusion-layout-column fusion_builder_column fusion-builder-column-0 fusion_builder_column_1_1 1_1 fusion-one-full fusion-column-first fusion-column-last\" style=\"--awb-bg-size:cover;\"><div class=\"fusion-column-wrapper fusion-column-has-shadow fusion-flex-column-wrapper-legacy\"><div class=\"fusion-title title fusion-title-1 fusion-sep-none fusion-title-text fusion-title-size-one\" style=\"--awb-margin-top-small:0px;--awb-margin-right-small:0px;--awb-margin-bottom-small:30px;--awb-margin-left-small:0px;\"><h1 class=\"fusion-title-heading title-heading-left fusion-responsive-typography-calculated\" style=\"margin:0;--fontSize:38;line-height:1.4;\"><strong>Concept<\/strong><\/h1><\/div><div class=\"fusion-clearfix\"><\/div><\/div><\/div><div class=\"fusion-layout-column fusion_builder_column fusion-builder-column-1 fusion_builder_column_1_1 1_1 fusion-one-full fusion-column-first fusion-column-last content-page\" style=\"--awb-bg-size:cover;\"><div class=\"fusion-column-wrapper fusion-column-has-shadow fusion-flex-column-wrapper-legacy\"><div class=\"fusion-image-element fusion-image-align-center in-legacy-container\" style=\"text-align:center;--awb-caption-title-font-family:var(--h2_typography-font-family);--awb-caption-title-font-weight:var(--h2_typography-font-weight);--awb-caption-title-font-style:var(--h2_typography-font-style);--awb-caption-title-size:var(--h2_typography-font-size);--awb-caption-title-transform:var(--h2_typography-text-transform);--awb-caption-title-line-height:var(--h2_typography-line-height);--awb-caption-title-letter-spacing:var(--h2_typography-letter-spacing);\"><div class=\"imageframe-align-center\"><span class=\" fusion-imageframe imageframe-none imageframe-1 hover-type-none\"><img decoding=\"async\" width=\"1680\" height=\"945\" alt=\"Rui Cabaco dans un briefing avant une \u00e9tape\" title=\"KFOTO-753993\" src=\"http:\/\/www.marocchallenge.eu\/wp-content\/uploads\/2020\/02\/KFOTO-753993.jpg\" class=\"img-responsive wp-image-1013\" srcset=\"https:\/\/www.marocchallenge.com\/wp-content\/uploads\/2020\/02\/KFOTO-753993-200x113.jpg 200w, https:\/\/www.marocchallenge.com\/wp-content\/uploads\/2020\/02\/KFOTO-753993-400x225.jpg 400w, https:\/\/www.marocchallenge.com\/wp-content\/uploads\/2020\/02\/KFOTO-753993-600x338.jpg 600w, https:\/\/www.marocchallenge.com\/wp-content\/uploads\/2020\/02\/KFOTO-753993-800x450.jpg 800w, https:\/\/www.marocchallenge.com\/wp-content\/uploads\/2020\/02\/KFOTO-753993-1200x675.jpg 1200w, https:\/\/www.marocchallenge.com\/wp-content\/uploads\/2020\/02\/KFOTO-753993.jpg 1680w\" sizes=\"(max-width: 1024px) 100vw, 1200px\" \/><\/span><\/div><\/div><div class=\"fusion-title title fusion-title-2 fusion-sep-none fusion-title-text fusion-title-size-two\" style=\"--awb-text-color:#333333;--awb-margin-top:0.5em;--awb-margin-top-small:0.2em;--awb-margin-right-small:0px;--awb-margin-left-small:0px;--awb-font-size:94px;\"><h2 class=\"fusion-title-heading title-heading-left fusion-responsive-typography-calculated\" style=\"font-family:&quot;Maroc Impact&quot;;font-style:normal;font-weight:400;margin:0;font-size:1em;--fontSize:94;line-height:1.02;\"><strong>LE DAKAR DES ANN\u00c9ES 70 POUR LES AVENTURIERS D`AUJOURD`HUI<\/strong><\/h2><\/div><div class=\"fusion-sep-clear\"><\/div><div class=\"fusion-separator fusion-clearfix\" style=\"float:left;margin-bottom:20px;width:100%;max-width:70%;\"><div class=\"fusion-separator-border sep-single sep-solid\" style=\"--awb-height:20px;--awb-amount:20px;--awb-sep-color:#ffc300;border-color:#ffc300;border-top-width:3px;\"><\/div><\/div><div class=\"fusion-sep-clear\"><\/div><div class=\"fusion-text fusion-text-1\"><p>Si tu est en train de lire ces lignes, c\u2019est que tu as un jour r\u00eav\u00e9 de participer \u00e0 une grande \u00e9preuve marathon comme le Dakar ou la Africa Race ! J\u2019ai toujours \u00e9t\u00e9 un amoureux du monde du moteur et des premiers raids des ann\u00e9es 70 et 80. Des v\u00e9hicules peu pr\u00e9par\u00e9s, des pilotes sans trop d\u2019exp\u00e9rience, un Continent inconnuet tr\u00e8s peu de moyens. \u00c7a c\u2019\u00e9tait de l\u2019aventure. Quand j\u2019ai pens\u00e9 \u00e0 la premi\u00e8re \u00e9dition de la Maroc, c\u2019\u00e9tait l\u2019esprit que je voulais reprendre. \u00c9videmment ce n\u2019est pas comparable, la diff\u00e9rence de pr\u00e9paration, les co\u00fbts et les exigences entre ces \u00e9preuves et la n\u00f4tre sont \u00e9normes, mais je suis s\u00fbr que nous sentons bien le m\u00eame d\u00e9fi, nous jouissons et souffrons bien les m\u00eames sensations et c\u2019est bien le m\u00eame esprit d\u2019aventure qui nous accompagne.<\/p>\n<p>Plus de 17 \u00e9ditions plus tard, notre Maroc a bien chang\u00e9, comme a chang\u00e9 le Dakar. Mais elle maintient la pr\u00e9misse d\u2019\u00eatre une \u00e9preuve ouverte \u00e0 tout le monde, ind\u00e9pendamment de la pr\u00e9paration de son v\u00e9hicule ou de son exp\u00e9rience. Acelui qui a d\u00e9j\u00e0 particip\u00e9 et qui veut recommencer, je l\u2019encourage \u00e0 le faire. L\u2019exp\u00e9rience n\u2019est jamais la m\u00eame, chaque \u00e9dition est diff\u00e9rente, les parcours changent, les gens aussi et c\u2019est un pays qui n\u2019arr\u00eate pas de nous surprendre. \u00c0ceux qui y pensent pour la premi\u00e8re fois, je les y encourage aussi. Parce que vous souffrirez certainement, comme vous profiterez et il y aura des moments o\u00f9 vous vous rappellerez l\u2019instant o\u00f9 vous lisiez ce texte et vous vous repentirez de vous \u00eatre embarqu\u00e9s dans cette histoire et surement aussi, quelques heures apr\u00e8s, vous serez surpris par la satisfaction de faire partie de cette aventure. Moi, en fin de compte, je ne peux que vous garantir que ce sera une exp\u00e9rience unique.<\/p>\n<\/div><div class=\"fusion-title title fusion-title-3 fusion-sep-none fusion-title-text fusion-title-size-three\" style=\"--awb-text-color:#000000;--awb-margin-top-small:0px;--awb-margin-right-small:0px;--awb-margin-bottom-small:30px;--awb-margin-left-small:0px;--awb-font-size:36px;\"><h3 class=\"fusion-title-heading title-heading-left fusion-responsive-typography-calculated\" style=\"font-family:&quot;Maroc SourceSans Pro Bold&quot;;font-style:normal;font-weight:400;margin:0;font-size:1em;--fontSize:36;line-height:1.3;\"><strong class=\"bold-text-7\">Bienvenus \u00e0 l\u2019esprit de la Maroc !<\/strong><\/h3><\/div><div class=\"fusion-image-element in-legacy-container\" style=\"--awb-max-width:150px;--awb-caption-title-font-family:var(--h2_typography-font-family);--awb-caption-title-font-weight:var(--h2_typography-font-weight);--awb-caption-title-font-style:var(--h2_typography-font-style);--awb-caption-title-size:var(--h2_typography-font-size);--awb-caption-title-transform:var(--h2_typography-text-transform);--awb-caption-title-line-height:var(--h2_typography-line-height);--awb-caption-title-letter-spacing:var(--h2_typography-letter-spacing);\"><span class=\" fusion-imageframe imageframe-none imageframe-2 hover-type-none\"><img decoding=\"async\" width=\"863\" height=\"434\" alt=\"Signature de Rui Cabaco - BriefingMan Maroc Challenge\" title=\"5c2d03a12cc62814e1d51d0e_firma\" src=\"http:\/\/www.marocchallenge.eu\/wp-content\/uploads\/2020\/03\/5c2d03a12cc62814e1d51d0e_firma.png\" class=\"img-responsive wp-image-10955\" srcset=\"https:\/\/www.marocchallenge.com\/wp-content\/uploads\/2020\/03\/5c2d03a12cc62814e1d51d0e_firma-200x101.png 200w, https:\/\/www.marocchallenge.com\/wp-content\/uploads\/2020\/03\/5c2d03a12cc62814e1d51d0e_firma-400x201.png 400w, https:\/\/www.marocchallenge.com\/wp-content\/uploads\/2020\/03\/5c2d03a12cc62814e1d51d0e_firma-600x302.png 600w, https:\/\/www.marocchallenge.com\/wp-content\/uploads\/2020\/03\/5c2d03a12cc62814e1d51d0e_firma-800x402.png 800w, https:\/\/www.marocchallenge.com\/wp-content\/uploads\/2020\/03\/5c2d03a12cc62814e1d51d0e_firma.png 863w\" sizes=\"(max-width: 1024px) 100vw, 863px\" \/><\/span><\/div><div class=\"fusion-title title fusion-title-4 fusion-sep-none fusion-title-text fusion-title-size-four\" style=\"--awb-text-color:#000000;--awb-margin-top-small:0px;--awb-margin-right-small:0px;--awb-margin-bottom-small:30px;--awb-margin-left-small:0px;\"><h4 class=\"fusion-title-heading title-heading-left fusion-responsive-typography-calculated\" style=\"font-family:&quot;Maroc SourceSans Pro Regular&quot;;font-style:normal;font-weight:400;margin:0;--fontSize:20;--minFontSize:20;line-height:1.5;\">Rui Caba\u00e7o \u2014 BriefingMan<\/h4><\/div><a class=\"fb-icon-element-1 fb-icon-element fontawesome-icon fa-facebook fab circle-no fusion-text-flow fusion-link\" style=\"--awb-iconcolor:#ffd547;--awb-iconcolor-hover:#ffd547;--awb-circlecolor:#ffd547;--awb-font-size:41px;--awb-margin-right:20.5px;\" href=\"https:\/\/www.facebook.com\/MarocBriefingMan\/\" target=\"_blank\" aria-label=\"Link to https:\/\/www.facebook.com\/MarocBriefingMan\/\" rel=\"noopener noreferrer\"><\/a><div class=\"fusion-clearfix\"><\/div><\/div><\/div><\/div><\/div>\n","protected":false},"excerpt":{"rendered":"","protected":false},"author":5,"featured_media":17116,"parent":0,"menu_order":0,"comment_status":"closed","ping_status":"closed","template":"100-width.php","meta":{"footnotes":""},"class_list":["post-11409","page","type-page","status-publish","has-post-thumbnail","hentry"],"yoast_head":"<!-- This site is optimized with the Yoast SEO plugin v27.4 - https:\/\/yoast.com\/product\/yoast-seo-wordpress\/ -->\n<title>Maroc Challenge - Concept - Bienvenus \u00e0 l\u2019esprit de la Maroc !<\/title>\n<meta name=\"description\" content=\"Si tu est en train de lire ces lignes, c\u2019est que tu as un jour r\u00eav\u00e9 de participer \u00e0 une grande \u00e9preuve marathon comme le Dakar ou la Africa Race !\" \/>\n<meta name=\"robots\" content=\"index, follow, max-snippet:-1, max-image-preview:large, max-video-preview:-1\" \/>\n<link rel=\"canonical\" href=\"https:\/\/www.marocchallenge.com\/fr\/concept\/\" \/>\n<meta property=\"og:locale\" content=\"fr_FR\" \/>\n<meta property=\"og:type\" content=\"article\" \/>\n<meta property=\"og:title\" content=\"Maroc Challenge - Concept - Bienvenus \u00e0 l\u2019esprit de la Maroc !\" \/>\n<meta property=\"og:description\" content=\"Si tu est en train de lire ces lignes, c\u2019est que tu as un jour r\u00eav\u00e9 de participer \u00e0 une grande \u00e9preuve marathon comme le Dakar ou la Africa Race !\" \/>\n<meta property=\"og:url\" content=\"https:\/\/www.marocchallenge.com\/fr\/concept\/\" \/>\n<meta property=\"og:site_name\" content=\"Maroc Challenge\" \/>\n<meta property=\"article:publisher\" content=\"https:\/\/www.facebook.com\/MarocChallenge\/\" \/>\n<meta property=\"article:modified_time\" content=\"2023-04-05T10:51:29+00:00\" \/>\n<meta property=\"og:image\" content=\"https:\/\/www.marocchallenge.com\/wp-content\/uploads\/2020\/02\/KFOTO-753993.jpg\" \/>\n\t<meta property=\"og:image:width\" content=\"1680\" \/>\n\t<meta property=\"og:image:height\" content=\"945\" \/>\n\t<meta property=\"og:image:type\" content=\"image\/jpeg\" \/>\n<meta name=\"twitter:card\" content=\"summary_large_image\" \/>\n<meta name=\"twitter:site\" content=\"@marochallenge\" \/>\n<meta name=\"twitter:label1\" content=\"Dur\u00e9e de lecture estim\u00e9e\" \/>\n\t<meta name=\"twitter:data1\" content=\"4 minutes\" \/>\n<script type=\"application\/ld+json\" class=\"yoast-schema-graph\">{\"@context\":\"https:\\\/\\\/schema.org\",\"@graph\":[{\"@type\":\"WebPage\",\"@id\":\"https:\\\/\\\/www.marocchallenge.com\\\/fr\\\/concept\\\/\",\"url\":\"https:\\\/\\\/www.marocchallenge.com\\\/fr\\\/concept\\\/\",\"name\":\"Maroc Challenge - Concept - Bienvenus \u00e0 l\u2019esprit de la Maroc !\",\"isPartOf\":{\"@id\":\"https:\\\/\\\/www.marocchallenge.com\\\/fr\\\/#website\"},\"primaryImageOfPage\":{\"@id\":\"https:\\\/\\\/www.marocchallenge.com\\\/fr\\\/concept\\\/#primaryimage\"},\"image\":{\"@id\":\"https:\\\/\\\/www.marocchallenge.com\\\/fr\\\/concept\\\/#primaryimage\"},\"thumbnailUrl\":\"https:\\\/\\\/www.marocchallenge.com\\\/wp-content\\\/uploads\\\/2021\\\/08\\\/0417_080245_KFOTOK-04451_HD_1680x945px-scaled.jpg\",\"datePublished\":\"2020-02-27T16:58:04+00:00\",\"dateModified\":\"2023-04-05T10:51:29+00:00\",\"description\":\"Si tu est en train de lire ces lignes, c\u2019est que tu as un jour r\u00eav\u00e9 de participer \u00e0 une grande \u00e9preuve marathon comme le Dakar ou la Africa Race !\",\"breadcrumb\":{\"@id\":\"https:\\\/\\\/www.marocchallenge.com\\\/fr\\\/concept\\\/#breadcrumb\"},\"inLanguage\":\"fr-FR\",\"potentialAction\":[{\"@type\":\"ReadAction\",\"target\":[\"https:\\\/\\\/www.marocchallenge.com\\\/fr\\\/concept\\\/\"]}]},{\"@type\":\"ImageObject\",\"inLanguage\":\"fr-FR\",\"@id\":\"https:\\\/\\\/www.marocchallenge.com\\\/fr\\\/concept\\\/#primaryimage\",\"url\":\"https:\\\/\\\/www.marocchallenge.com\\\/wp-content\\\/uploads\\\/2021\\\/08\\\/0417_080245_KFOTOK-04451_HD_1680x945px-scaled.jpg\",\"contentUrl\":\"https:\\\/\\\/www.marocchallenge.com\\\/wp-content\\\/uploads\\\/2021\\\/08\\\/0417_080245_KFOTOK-04451_HD_1680x945px-scaled.jpg\",\"width\":2560,\"height\":1440},{\"@type\":\"BreadcrumbList\",\"@id\":\"https:\\\/\\\/www.marocchallenge.com\\\/fr\\\/concept\\\/#breadcrumb\",\"itemListElement\":[{\"@type\":\"ListItem\",\"position\":1,\"name\":\"Portada\",\"item\":\"https:\\\/\\\/www.marocchallenge.com\\\/fr\\\/\"},{\"@type\":\"ListItem\",\"position\":2,\"name\":\"Concept\"}]},{\"@type\":\"WebSite\",\"@id\":\"https:\\\/\\\/www.marocchallenge.com\\\/fr\\\/#website\",\"url\":\"https:\\\/\\\/www.marocchallenge.com\\\/fr\\\/\",\"name\":\"Maroc Challenge\",\"description\":\"Le Dakar des ann\u00e9es 70 pour les aventuriers d\u2019aujourd\u2019hui\",\"publisher\":{\"@id\":\"https:\\\/\\\/www.marocchallenge.com\\\/fr\\\/#organization\"},\"potentialAction\":[{\"@type\":\"SearchAction\",\"target\":{\"@type\":\"EntryPoint\",\"urlTemplate\":\"https:\\\/\\\/www.marocchallenge.com\\\/fr\\\/?s={search_term_string}\"},\"query-input\":{\"@type\":\"PropertyValueSpecification\",\"valueRequired\":true,\"valueName\":\"search_term_string\"}}],\"inLanguage\":\"fr-FR\"},{\"@type\":\"Organization\",\"@id\":\"https:\\\/\\\/www.marocchallenge.com\\\/fr\\\/#organization\",\"name\":\"Maroc Challenge - El Dakar de los 70's para los aventureros de hoy\",\"url\":\"https:\\\/\\\/www.marocchallenge.com\\\/fr\\\/\",\"logo\":{\"@type\":\"ImageObject\",\"inLanguage\":\"fr-FR\",\"@id\":\"https:\\\/\\\/www.marocchallenge.com\\\/fr\\\/#\\\/schema\\\/logo\\\/image\\\/\",\"url\":\"https:\\\/\\\/www.marocchallenge.com\\\/wp-content\\\/uploads\\\/2020\\\/03\\\/Logo-Maroc_Challenge.png\",\"contentUrl\":\"https:\\\/\\\/www.marocchallenge.com\\\/wp-content\\\/uploads\\\/2020\\\/03\\\/Logo-Maroc_Challenge.png\",\"width\":170,\"height\":96,\"caption\":\"Maroc Challenge - El Dakar de los 70's para los aventureros de hoy\"},\"image\":{\"@id\":\"https:\\\/\\\/www.marocchallenge.com\\\/fr\\\/#\\\/schema\\\/logo\\\/image\\\/\"},\"sameAs\":[\"https:\\\/\\\/www.facebook.com\\\/MarocChallenge\\\/\",\"https:\\\/\\\/x.com\\\/marochallenge\",\"https:\\\/\\\/www.instagram.com\\\/marocchallenge\\\/\",\"https:\\\/\\\/www.linkedin.com\\\/company\\\/maroc-challenge\",\"https:\\\/\\\/www.youtube.com\\\/user\\\/MarocChallenge\"]}]}<\/script>\n<!-- \/ Yoast SEO plugin. -->","yoast_head_json":{"title":"Maroc Challenge - Concept - Bienvenus \u00e0 l\u2019esprit de la Maroc !","description":"Si tu est en train de lire ces lignes, c\u2019est que tu as un jour r\u00eav\u00e9 de participer \u00e0 une grande \u00e9preuve marathon comme le Dakar ou la Africa Race !","robots":{"index":"index","follow":"follow","max-snippet":"max-snippet:-1","max-image-preview":"max-image-preview:large","max-video-preview":"max-video-preview:-1"},"canonical":"https:\/\/www.marocchallenge.com\/fr\/concept\/","og_locale":"fr_FR","og_type":"article","og_title":"Maroc Challenge - Concept - Bienvenus \u00e0 l\u2019esprit de la Maroc !","og_description":"Si tu est en train de lire ces lignes, c\u2019est que tu as un jour r\u00eav\u00e9 de participer \u00e0 une grande \u00e9preuve marathon comme le Dakar ou la Africa Race !","og_url":"https:\/\/www.marocchallenge.com\/fr\/concept\/","og_site_name":"Maroc Challenge","article_publisher":"https:\/\/www.facebook.com\/MarocChallenge\/","article_modified_time":"2023-04-05T10:51:29+00:00","og_image":[{"width":1680,"height":945,"url":"https:\/\/www.marocchallenge.com\/wp-content\/uploads\/2020\/02\/KFOTO-753993.jpg","type":"image\/jpeg"}],"twitter_card":"summary_large_image","twitter_site":"@marochallenge","twitter_misc":{"Dur\u00e9e de lecture estim\u00e9e":"4 minutes"},"schema":{"@context":"https:\/\/schema.org","@graph":[{"@type":"WebPage","@id":"https:\/\/www.marocchallenge.com\/fr\/concept\/","url":"https:\/\/www.marocchallenge.com\/fr\/concept\/","name":"Maroc Challenge - Concept - Bienvenus \u00e0 l\u2019esprit de la Maroc !","isPartOf":{"@id":"https:\/\/www.marocchallenge.com\/fr\/#website"},"primaryImageOfPage":{"@id":"https:\/\/www.marocchallenge.com\/fr\/concept\/#primaryimage"},"image":{"@id":"https:\/\/www.marocchallenge.com\/fr\/concept\/#primaryimage"},"thumbnailUrl":"https:\/\/www.marocchallenge.com\/wp-content\/uploads\/2021\/08\/0417_080245_KFOTOK-04451_HD_1680x945px-scaled.jpg","datePublished":"2020-02-27T16:58:04+00:00","dateModified":"2023-04-05T10:51:29+00:00","description":"Si tu est en train de lire ces lignes, c\u2019est que tu as un jour r\u00eav\u00e9 de participer \u00e0 une grande \u00e9preuve marathon comme le Dakar ou la Africa Race !","breadcrumb":{"@id":"https:\/\/www.marocchallenge.com\/fr\/concept\/#breadcrumb"},"inLanguage":"fr-FR","potentialAction":[{"@type":"ReadAction","target":["https:\/\/www.marocchallenge.com\/fr\/concept\/"]}]},{"@type":"ImageObject","inLanguage":"fr-FR","@id":"https:\/\/www.marocchallenge.com\/fr\/concept\/#primaryimage","url":"https:\/\/www.marocchallenge.com\/wp-content\/uploads\/2021\/08\/0417_080245_KFOTOK-04451_HD_1680x945px-scaled.jpg","contentUrl":"https:\/\/www.marocchallenge.com\/wp-content\/uploads\/2021\/08\/0417_080245_KFOTOK-04451_HD_1680x945px-scaled.jpg","width":2560,"height":1440},{"@type":"BreadcrumbList","@id":"https:\/\/www.marocchallenge.com\/fr\/concept\/#breadcrumb","itemListElement":[{"@type":"ListItem","position":1,"name":"Portada","item":"https:\/\/www.marocchallenge.com\/fr\/"},{"@type":"ListItem","position":2,"name":"Concept"}]},{"@type":"WebSite","@id":"https:\/\/www.marocchallenge.com\/fr\/#website","url":"https:\/\/www.marocchallenge.com\/fr\/","name":"Maroc Challenge","description":"Le Dakar des ann\u00e9es 70 pour les aventuriers d\u2019aujourd\u2019hui","publisher":{"@id":"https:\/\/www.marocchallenge.com\/fr\/#organization"},"potentialAction":[{"@type":"SearchAction","target":{"@type":"EntryPoint","urlTemplate":"https:\/\/www.marocchallenge.com\/fr\/?s={search_term_string}"},"query-input":{"@type":"PropertyValueSpecification","valueRequired":true,"valueName":"search_term_string"}}],"inLanguage":"fr-FR"},{"@type":"Organization","@id":"https:\/\/www.marocchallenge.com\/fr\/#organization","name":"Maroc Challenge - El Dakar de los 70's para los aventureros de hoy","url":"https:\/\/www.marocchallenge.com\/fr\/","logo":{"@type":"ImageObject","inLanguage":"fr-FR","@id":"https:\/\/www.marocchallenge.com\/fr\/#\/schema\/logo\/image\/","url":"https:\/\/www.marocchallenge.com\/wp-content\/uploads\/2020\/03\/Logo-Maroc_Challenge.png","contentUrl":"https:\/\/www.marocchallenge.com\/wp-content\/uploads\/2020\/03\/Logo-Maroc_Challenge.png","width":170,"height":96,"caption":"Maroc Challenge - El Dakar de los 70's para los aventureros de hoy"},"image":{"@id":"https:\/\/www.marocchallenge.com\/fr\/#\/schema\/logo\/image\/"},"sameAs":["https:\/\/www.facebook.com\/MarocChallenge\/","https:\/\/x.com\/marochallenge","https:\/\/www.instagram.com\/marocchallenge\/","https:\/\/www.linkedin.com\/company\/maroc-challenge","https:\/\/www.youtube.com\/user\/MarocChallenge"]}]}},"_links":{"self":[{"href":"https:\/\/www.marocchallenge.com\/fr\/wp-json\/wp\/v2\/pages\/11409","targetHints":{"allow":["GET"]}}],"collection":[{"href":"https:\/\/www.marocchallenge.com\/fr\/wp-json\/wp\/v2\/pages"}],"about":[{"href":"https:\/\/www.marocchallenge.com\/fr\/wp-json\/wp\/v2\/types\/page"}],"author":[{"embeddable":true,"href":"https:\/\/www.marocchallenge.com\/fr\/wp-json\/wp\/v2\/users\/5"}],"replies":[{"embeddable":true,"href":"https:\/\/www.marocchallenge.com\/fr\/wp-json\/wp\/v2\/comments?post=11409"}],"version-history":[{"count":7,"href":"https:\/\/www.marocchallenge.com\/fr\/wp-json\/wp\/v2\/pages\/11409\/revisions"}],"predecessor-version":[{"id":20225,"href":"https:\/\/www.marocchallenge.com\/fr\/wp-json\/wp\/v2\/pages\/11409\/revisions\/20225"}],"wp:featuredmedia":[{"embeddable":true,"href":"https:\/\/www.marocchallenge.com\/fr\/wp-json\/wp\/v2\/media\/17116"}],"wp:attachment":[{"href":"https:\/\/www.marocchallenge.com\/fr\/wp-json\/wp\/v2\/media?parent=11409"}],"curies":[{"name":"wp","href":"https:\/\/api.w.org\/{rel}","templated":true}]}}