{"id":14121,"date":"2020-04-23T18:03:47","date_gmt":"2020-04-23T18:03:47","guid":{"rendered":"https:\/\/www.marocchallenge.com\/?page_id=14121"},"modified":"2026-04-12T20:39:40","modified_gmt":"2026-04-12T20:39:40","slug":"politique-dannulation","status":"publish","type":"page","link":"https:\/\/www.marocchallenge.com\/fr\/politique-dannulation\/","title":{"rendered":"Politique d&rsquo;annulation"},"content":{"rendered":"<div class=\"fusion-fullwidth fullwidth-box fusion-builder-row-1 nonhundred-percent-fullwidth non-hundred-percent-height-scrolling\" style=\"--awb-border-radius-top-left:0px;--awb-border-radius-top-right:0px;--awb-border-radius-bottom-right:0px;--awb-border-radius-bottom-left:0px;--awb-flex-wrap:wrap;\" ><div class=\"fusion-builder-row fusion-row\"><div class=\"fusion-layout-column fusion_builder_column fusion-builder-column-0 fusion_builder_column_1_1 1_1 fusion-one-full fusion-column-first fusion-column-last\" style=\"--awb-bg-size:cover;\"><div class=\"fusion-column-wrapper fusion-column-has-shadow fusion-flex-column-wrapper-legacy\"><div class=\"fusion-text fusion-text-1\"><p><strong>Politique d\u2019annulation incluse dans l\u2019inscription<\/strong><\/p>\n<p><strong>Validit\u00e9 de l\u2019inscription<\/strong><\/p>\n<p>En cas d\u2019annulation, ind\u00e9pendamment de la date, m\u00eame apr\u00e8s la fermeture des inscriptions, celle-ci est valable pour une autre \u00e9dition.<\/p>\n<p><strong>Remboursement du prix de l\u2019inscription<\/strong><\/p>\n<ul>\n<li>L\u2019annulation jusqu&rsquo;\u00e0 01\/06\/2026 aura un co\u00fbt de gestion de 120\u20ac.<\/li>\n<li>L\u2019annulation jusqu&rsquo;\u00e0 01\/07\/2026 aura un co\u00fbt de 70% du montant vers\u00e9 en concept d\u2019inscription.<\/li>\n<li>L\u2019annulation jusqu&rsquo;\u00e0 01\/08\/2026 aura un co\u00fbt de 80% du montant vers\u00e9 en concept d\u2019inscription.<\/li>\n<li>Toute annulation faite apr\u00e8s le 01\/08\/2026 n\u2019aura droit \u00e0 aucun remboursement.<\/li>\n<\/ul>\n<p><strong>Politique de causes de force majeure pour l\u2019annulation des \u00e9ditions <\/strong><\/p>\n<p>Le 11 mars 2020, l\u2019Organisation Mondiale de la Sant\u00e9 (OMS) a d\u00e9clar\u00e9 l\u2019\u00e9pid\u00e9mie de coronavirus, connu comme le COVID- 19, comme pand\u00e9mie. Depuis, le Coronavirus a rapidement \u00e9volu\u00e9 et les Gouvernements du monde entier ont pris des d\u00e9cisions avec diligence afin de freiner sa propagation.<\/p>\n<p>Conscients des restrictions des mouvements et de la catastrophe de sant\u00e9 publique nous ne pouvons mettre en p\u00e9ril la sant\u00e9 et la s\u00e9curit\u00e9 des participants.<\/p>\n<p>Pour faire face \u00e0 la situation de catastrophe publique ou n\u2019importe quelle autre indiqu\u00e9e comme \u201cCause de force majeure\u00a0\u201d, notre Politique de Causes de Force Majeure offre les deux options de cr\u00e9dit suivantes\u00a0:<\/p>\n<p><strong>Inscription du v\u00e9hicule:<\/strong><\/p>\n<p><strong>OPTION 1)\u00a0\u00a0\u00a0\u00a0 <\/strong>Conserver l\u2019inscription et les paiements effectu\u00e9s jusqu\u2019au moment d\u2019une prochaine \u00e9dition. Le participant peut choisir d\u2019en faire usage lors de n\u2019importe laquelle des trois \u00e9ditions suivantes.<\/p>\n<p><strong>OPTION 2)<\/strong>\u00a0\u00a0\u00a0\u00a0 Remboursement de 50% de la valeur de l\u2019inscription du v\u00e9hicule et \u00e9mission d\u2019une note de cr\u00e9dit pour un montant d\u2019une valeur des 50% restants, pour en faire usage lors de n\u2019importe laquelle des trois prochaines \u00e9ditions. Cela au cas o\u00f9 l\u2019annulation de l\u2019\u00e9dition se ferait dans les 31 jours pr\u00e9c\u00e9dant la date de commencement de celle-ci.<\/p>\n<p><strong>Pack participant, location Stella, kit Antenne, Assurance, autres\u2026<\/strong><\/p>\n<ol>\n<li>Si la d\u00e9cision d\u2019annuler l\u2019\u00e9dition pour motif de force majeure survient dans les 31 jours pr\u00e9c\u00e9dents le commencement de l\u2019\u00e9v\u00e8nement, l\u2019organisation se r\u00e9serve le droit de ne pas effectuer de remboursement.<\/li>\n<li>L\u2019organisation proc\u00e8dera au remboursement total si elle n\u2019a pas encore pay\u00e9 les entreprises sp\u00e9cialis\u00e9es, entre lesquelles, Assurances, Stella, Kit Antennes Stella et autres services.<\/li>\n<\/ol>\n<p><strong>Fournisseurs de services:<\/strong><\/p>\n<ul>\n<li>L\u2019organisation n\u2019est pas responsable des services pr\u00eat\u00e9s par les fournisseurs de services de l\u2019\u00e9v\u00e9nement, comme par exemple les h\u00f4tels, les ferries etc.<\/li>\n<li>En cas d\u2019annulation de l\u2019\u00e9v\u00e8nement pour cause de force majeure, l\u2019organisation n\u2019est pas responsable des services souscrits entre participants et fournisseurs de services.<\/li>\n<li>La souscription \u00e0 ces services de r\u00e9servation se fait de fa\u00e7on personnelle et isol\u00e9e et ils ne font pas partie d&rsquo;un voyage combin\u00e9 mais de la participation \u00e0 un \u00e9v\u00e9nement touristique\/sportif d&rsquo;aventure au Maroc.<\/li>\n<\/ul>\n<p>Les remboursements en effectif s\u2019effectueront au moyen d\u2019un virement bancaire sur le m\u00eame compte par lequel s\u2019\u00e9tait r\u00e9alis\u00e9 le paiement.<\/p>\n<p><strong>Annulation de l\u2019\u00e9v\u00e8nnement pour cause de force majeure, par exemple.<\/strong><\/p>\n<p>Dans n\u2019importe lequel des cas suivants, qui se consid\u00e8rent comme de force majeure, en r\u00e8gle g\u00e9n\u00e9rale il ne sera pas possible d\u2019effectuer le remboursement des frais de la part de l\u2019organisateur ou la r\u00e9tention des paiements par le client.<\/p>\n<p>Les suppos\u00e9s suivants sont des exemples de circonstances de force majeure qui ne sont pas sous notre contr\u00f4le et de ce fait, nous exon\u00e8re de toute responsabilit\u00e9.<\/p>\n<p><strong>GRAND TOUR ADVENTURE <\/strong>n\u2019aura aucune responsabilit\u00e9 face au retard ou l\u00e0 l\u2019impossibilit\u00e9 d\u2019accomplissement du service ou de celui de nos obligations avec vous comme r\u00e9sultat de tout acte, \u00e9v\u00e8nement, omission, erreur ou accident qui seraient hors de notre contr\u00f4le, lesquels entre autres:<\/p>\n<ul>\n<li>Incendies, explosions, orages, inondations, tremblements de terre, ouragans, affaissements, glissements de terrain, neige, tornades, fl\u00e9aux, tsunamis, \u00e9pid\u00e9mies, pand\u00e9mies ou n\u2019importe quelle autre catastrophe naturelle ou condition climatique extr\u00eame.<\/li>\n<li>Agitation publique, trouble publique, invasions, attaques terroristes ou menace d\u2019attaque terroriste. Guerre (D\u00e9clar\u00e9e ou non), menace ou pr\u00e9paration de guerre.<\/li>\n<li>Impossibilit\u00e9 d\u2019utiliser les transports ferroviaires, les bateaux, les avions, transports \u00e0 moteur ou autres moyens de transport publics ou priv\u00e9s.<\/li>\n<li>Actes, d\u00e9crets, l\u00e9gislation, normes ou restrictions de la part de n\u2019importe quel gouvernement.<\/li>\n<li>T\u00e9l\u00e9communications publiques ou priv\u00e9es, d\u00e9faillance du r\u00e9seau informatique ou panne dans les \u00e9quipements informatiques.<\/li>\n<li>Vandalisme et terrorisme.<\/li>\n<li>Le manque de main d\u2019\u0153uvre, de combustible, d\u2019\u00e9nergie ou de mati\u00e8re premi\u00e8re.<\/li>\n<li>Application des demandes de la police ou de la douane.<\/li>\n<li>D\u00e9c\u00e8s et accidents de la route qui provoquent du retard dans le service.<\/li>\n<li>Gr\u00e8ves ou fermetures patronales<\/li>\n<li>Retards impr\u00e9vus du trafic.<\/li>\n<li>Action industrielle par des tiers.<\/li>\n<li>Probl\u00e8mes caus\u00e9s par le client ou d\u2019autres clients.<\/li>\n<li>Autres circonstances qui affectent la s\u00e9curit\u00e9 du passager.<\/li>\n<li>Fermetures de routes pour cause de f\u00eates locales ou autres \u00e9v\u00e8nements.<\/li>\n<li>Propri\u00e9t\u00e9s qui ne seraient pas accessibles au type de service r\u00e9serv\u00e9.<\/li>\n<li>Retards, r\u00e9alisation d\u00e9fectueuse ou faute d\u2019accomplissement de la part des fournisseurs.<\/li>\n<li>Gr\u00e8ves g\u00e9n\u00e9rales ou partielles.<\/li>\n<li>Autres causes qui \u00e9chappent \u00e0 notre contr\u00f4le raisonnable.<\/li>\n<\/ul>\n<p><strong>Grand Tour Adventure<\/strong> se r\u00e9serve le droit de remettre ou d\u2019annuler n\u2019importe quel service pour motif de force majeure ou n\u2019importe quelle condition qui ne permette pas la r\u00e9alisation de celui-ci.<\/p>\n<\/div><div class=\"fusion-clearfix\"><\/div><\/div><\/div><\/div><\/div>\n","protected":false},"excerpt":{"rendered":"","protected":false},"author":5,"featured_media":17218,"parent":0,"menu_order":0,"comment_status":"closed","ping_status":"closed","template":"","meta":{"footnotes":""},"class_list":["post-14121","page","type-page","status-publish","has-post-thumbnail","hentry"],"yoast_head":"<!-- This site is optimized with the Yoast SEO plugin v27.3 - https:\/\/yoast.com\/product\/yoast-seo-wordpress\/ -->\n<title>Maroc Challenge - Politique d&#039;annulation<\/title>\n<meta name=\"description\" content=\"En cas d\u2019annulation, ind\u00e9pendamment de la date, m\u00eame apr\u00e8s la fermeture des inscriptions, celle-ci est valable pour une autre \u00e9dition.\" \/>\n<meta name=\"robots\" content=\"index, follow, max-snippet:-1, max-image-preview:large, max-video-preview:-1\" \/>\n<link rel=\"canonical\" href=\"https:\/\/www.marocchallenge.com\/fr\/politique-dannulation\/\" \/>\n<meta property=\"og:locale\" content=\"fr_FR\" \/>\n<meta property=\"og:type\" content=\"article\" \/>\n<meta property=\"og:title\" content=\"Maroc Challenge - Politique d&#039;annulation\" \/>\n<meta property=\"og:description\" content=\"En cas d\u2019annulation, ind\u00e9pendamment de la date, m\u00eame apr\u00e8s la fermeture des inscriptions, celle-ci est valable pour une autre \u00e9dition.\" \/>\n<meta property=\"og:url\" content=\"https:\/\/www.marocchallenge.com\/fr\/politique-dannulation\/\" \/>\n<meta property=\"og:site_name\" content=\"Maroc Challenge\" \/>\n<meta property=\"article:publisher\" content=\"https:\/\/www.facebook.com\/MarocChallenge\/\" \/>\n<meta property=\"article:modified_time\" content=\"2026-04-12T20:39:40+00:00\" \/>\n<meta property=\"og:image\" content=\"https:\/\/www.marocchallenge.com\/wp-content\/uploads\/2021\/09\/splash_screen-300x300_maroc.png\" \/>\n\t<meta property=\"og:image:width\" content=\"300\" \/>\n\t<meta property=\"og:image:height\" content=\"300\" \/>\n\t<meta property=\"og:image:type\" content=\"image\/png\" \/>\n<meta name=\"twitter:card\" content=\"summary_large_image\" \/>\n<meta name=\"twitter:site\" content=\"@marochallenge\" \/>\n<meta name=\"twitter:label1\" content=\"Dur\u00e9e de lecture estim\u00e9e\" \/>\n\t<meta name=\"twitter:data1\" content=\"4 minutes\" \/>\n<script type=\"application\/ld+json\" class=\"yoast-schema-graph\">{\"@context\":\"https:\\\/\\\/schema.org\",\"@graph\":[{\"@type\":\"WebPage\",\"@id\":\"https:\\\/\\\/www.marocchallenge.com\\\/fr\\\/politique-dannulation\\\/\",\"url\":\"https:\\\/\\\/www.marocchallenge.com\\\/fr\\\/politique-dannulation\\\/\",\"name\":\"Maroc Challenge - Politique d'annulation\",\"isPartOf\":{\"@id\":\"https:\\\/\\\/www.marocchallenge.com\\\/fr\\\/#website\"},\"primaryImageOfPage\":{\"@id\":\"https:\\\/\\\/www.marocchallenge.com\\\/fr\\\/politique-dannulation\\\/#primaryimage\"},\"image\":{\"@id\":\"https:\\\/\\\/www.marocchallenge.com\\\/fr\\\/politique-dannulation\\\/#primaryimage\"},\"thumbnailUrl\":\"https:\\\/\\\/www.marocchallenge.com\\\/wp-content\\\/uploads\\\/2021\\\/09\\\/splash_screen-300x300_maroc.png\",\"datePublished\":\"2020-04-23T18:03:47+00:00\",\"dateModified\":\"2026-04-12T20:39:40+00:00\",\"description\":\"En cas d\u2019annulation, ind\u00e9pendamment de la date, m\u00eame apr\u00e8s la fermeture des inscriptions, celle-ci est valable pour une autre \u00e9dition.\",\"breadcrumb\":{\"@id\":\"https:\\\/\\\/www.marocchallenge.com\\\/fr\\\/politique-dannulation\\\/#breadcrumb\"},\"inLanguage\":\"fr-FR\",\"potentialAction\":[{\"@type\":\"ReadAction\",\"target\":[\"https:\\\/\\\/www.marocchallenge.com\\\/fr\\\/politique-dannulation\\\/\"]}]},{\"@type\":\"ImageObject\",\"inLanguage\":\"fr-FR\",\"@id\":\"https:\\\/\\\/www.marocchallenge.com\\\/fr\\\/politique-dannulation\\\/#primaryimage\",\"url\":\"https:\\\/\\\/www.marocchallenge.com\\\/wp-content\\\/uploads\\\/2021\\\/09\\\/splash_screen-300x300_maroc.png\",\"contentUrl\":\"https:\\\/\\\/www.marocchallenge.com\\\/wp-content\\\/uploads\\\/2021\\\/09\\\/splash_screen-300x300_maroc.png\",\"width\":300,\"height\":300},{\"@type\":\"BreadcrumbList\",\"@id\":\"https:\\\/\\\/www.marocchallenge.com\\\/fr\\\/politique-dannulation\\\/#breadcrumb\",\"itemListElement\":[{\"@type\":\"ListItem\",\"position\":1,\"name\":\"Portada\",\"item\":\"https:\\\/\\\/www.marocchallenge.com\\\/fr\\\/\"},{\"@type\":\"ListItem\",\"position\":2,\"name\":\"Politique d&#8217;annulation\"}]},{\"@type\":\"WebSite\",\"@id\":\"https:\\\/\\\/www.marocchallenge.com\\\/fr\\\/#website\",\"url\":\"https:\\\/\\\/www.marocchallenge.com\\\/fr\\\/\",\"name\":\"Maroc Challenge\",\"description\":\"Le Dakar des ann\u00e9es 70 pour les aventuriers d\u2019aujourd\u2019hui\",\"publisher\":{\"@id\":\"https:\\\/\\\/www.marocchallenge.com\\\/fr\\\/#organization\"},\"potentialAction\":[{\"@type\":\"SearchAction\",\"target\":{\"@type\":\"EntryPoint\",\"urlTemplate\":\"https:\\\/\\\/www.marocchallenge.com\\\/fr\\\/?s={search_term_string}\"},\"query-input\":{\"@type\":\"PropertyValueSpecification\",\"valueRequired\":true,\"valueName\":\"search_term_string\"}}],\"inLanguage\":\"fr-FR\"},{\"@type\":\"Organization\",\"@id\":\"https:\\\/\\\/www.marocchallenge.com\\\/fr\\\/#organization\",\"name\":\"Maroc Challenge - El Dakar de los 70's para los aventureros de hoy\",\"url\":\"https:\\\/\\\/www.marocchallenge.com\\\/fr\\\/\",\"logo\":{\"@type\":\"ImageObject\",\"inLanguage\":\"fr-FR\",\"@id\":\"https:\\\/\\\/www.marocchallenge.com\\\/fr\\\/#\\\/schema\\\/logo\\\/image\\\/\",\"url\":\"https:\\\/\\\/www.marocchallenge.com\\\/wp-content\\\/uploads\\\/2020\\\/03\\\/Logo-Maroc_Challenge.png\",\"contentUrl\":\"https:\\\/\\\/www.marocchallenge.com\\\/wp-content\\\/uploads\\\/2020\\\/03\\\/Logo-Maroc_Challenge.png\",\"width\":170,\"height\":96,\"caption\":\"Maroc Challenge - El Dakar de los 70's para los aventureros de hoy\"},\"image\":{\"@id\":\"https:\\\/\\\/www.marocchallenge.com\\\/fr\\\/#\\\/schema\\\/logo\\\/image\\\/\"},\"sameAs\":[\"https:\\\/\\\/www.facebook.com\\\/MarocChallenge\\\/\",\"https:\\\/\\\/x.com\\\/marochallenge\",\"https:\\\/\\\/www.instagram.com\\\/marocchallenge\\\/\",\"https:\\\/\\\/www.linkedin.com\\\/company\\\/maroc-challenge\",\"https:\\\/\\\/www.youtube.com\\\/user\\\/MarocChallenge\"]}]}<\/script>\n<!-- \/ Yoast SEO plugin. -->","yoast_head_json":{"title":"Maroc Challenge - Politique d'annulation","description":"En cas d\u2019annulation, ind\u00e9pendamment de la date, m\u00eame apr\u00e8s la fermeture des inscriptions, celle-ci est valable pour une autre \u00e9dition.","robots":{"index":"index","follow":"follow","max-snippet":"max-snippet:-1","max-image-preview":"max-image-preview:large","max-video-preview":"max-video-preview:-1"},"canonical":"https:\/\/www.marocchallenge.com\/fr\/politique-dannulation\/","og_locale":"fr_FR","og_type":"article","og_title":"Maroc Challenge - Politique d'annulation","og_description":"En cas d\u2019annulation, ind\u00e9pendamment de la date, m\u00eame apr\u00e8s la fermeture des inscriptions, celle-ci est valable pour une autre \u00e9dition.","og_url":"https:\/\/www.marocchallenge.com\/fr\/politique-dannulation\/","og_site_name":"Maroc Challenge","article_publisher":"https:\/\/www.facebook.com\/MarocChallenge\/","article_modified_time":"2026-04-12T20:39:40+00:00","og_image":[{"width":300,"height":300,"url":"https:\/\/www.marocchallenge.com\/wp-content\/uploads\/2021\/09\/splash_screen-300x300_maroc.png","type":"image\/png"}],"twitter_card":"summary_large_image","twitter_site":"@marochallenge","twitter_misc":{"Dur\u00e9e de lecture estim\u00e9e":"4 minutes"},"schema":{"@context":"https:\/\/schema.org","@graph":[{"@type":"WebPage","@id":"https:\/\/www.marocchallenge.com\/fr\/politique-dannulation\/","url":"https:\/\/www.marocchallenge.com\/fr\/politique-dannulation\/","name":"Maroc Challenge - Politique d'annulation","isPartOf":{"@id":"https:\/\/www.marocchallenge.com\/fr\/#website"},"primaryImageOfPage":{"@id":"https:\/\/www.marocchallenge.com\/fr\/politique-dannulation\/#primaryimage"},"image":{"@id":"https:\/\/www.marocchallenge.com\/fr\/politique-dannulation\/#primaryimage"},"thumbnailUrl":"https:\/\/www.marocchallenge.com\/wp-content\/uploads\/2021\/09\/splash_screen-300x300_maroc.png","datePublished":"2020-04-23T18:03:47+00:00","dateModified":"2026-04-12T20:39:40+00:00","description":"En cas d\u2019annulation, ind\u00e9pendamment de la date, m\u00eame apr\u00e8s la fermeture des inscriptions, celle-ci est valable pour une autre \u00e9dition.","breadcrumb":{"@id":"https:\/\/www.marocchallenge.com\/fr\/politique-dannulation\/#breadcrumb"},"inLanguage":"fr-FR","potentialAction":[{"@type":"ReadAction","target":["https:\/\/www.marocchallenge.com\/fr\/politique-dannulation\/"]}]},{"@type":"ImageObject","inLanguage":"fr-FR","@id":"https:\/\/www.marocchallenge.com\/fr\/politique-dannulation\/#primaryimage","url":"https:\/\/www.marocchallenge.com\/wp-content\/uploads\/2021\/09\/splash_screen-300x300_maroc.png","contentUrl":"https:\/\/www.marocchallenge.com\/wp-content\/uploads\/2021\/09\/splash_screen-300x300_maroc.png","width":300,"height":300},{"@type":"BreadcrumbList","@id":"https:\/\/www.marocchallenge.com\/fr\/politique-dannulation\/#breadcrumb","itemListElement":[{"@type":"ListItem","position":1,"name":"Portada","item":"https:\/\/www.marocchallenge.com\/fr\/"},{"@type":"ListItem","position":2,"name":"Politique d&#8217;annulation"}]},{"@type":"WebSite","@id":"https:\/\/www.marocchallenge.com\/fr\/#website","url":"https:\/\/www.marocchallenge.com\/fr\/","name":"Maroc Challenge","description":"Le Dakar des ann\u00e9es 70 pour les aventuriers d\u2019aujourd\u2019hui","publisher":{"@id":"https:\/\/www.marocchallenge.com\/fr\/#organization"},"potentialAction":[{"@type":"SearchAction","target":{"@type":"EntryPoint","urlTemplate":"https:\/\/www.marocchallenge.com\/fr\/?s={search_term_string}"},"query-input":{"@type":"PropertyValueSpecification","valueRequired":true,"valueName":"search_term_string"}}],"inLanguage":"fr-FR"},{"@type":"Organization","@id":"https:\/\/www.marocchallenge.com\/fr\/#organization","name":"Maroc Challenge - El Dakar de los 70's para los aventureros de hoy","url":"https:\/\/www.marocchallenge.com\/fr\/","logo":{"@type":"ImageObject","inLanguage":"fr-FR","@id":"https:\/\/www.marocchallenge.com\/fr\/#\/schema\/logo\/image\/","url":"https:\/\/www.marocchallenge.com\/wp-content\/uploads\/2020\/03\/Logo-Maroc_Challenge.png","contentUrl":"https:\/\/www.marocchallenge.com\/wp-content\/uploads\/2020\/03\/Logo-Maroc_Challenge.png","width":170,"height":96,"caption":"Maroc Challenge - El Dakar de los 70's para los aventureros de hoy"},"image":{"@id":"https:\/\/www.marocchallenge.com\/fr\/#\/schema\/logo\/image\/"},"sameAs":["https:\/\/www.facebook.com\/MarocChallenge\/","https:\/\/x.com\/marochallenge","https:\/\/www.instagram.com\/marocchallenge\/","https:\/\/www.linkedin.com\/company\/maroc-challenge","https:\/\/www.youtube.com\/user\/MarocChallenge"]}]}},"_links":{"self":[{"href":"https:\/\/www.marocchallenge.com\/fr\/wp-json\/wp\/v2\/pages\/14121","targetHints":{"allow":["GET"]}}],"collection":[{"href":"https:\/\/www.marocchallenge.com\/fr\/wp-json\/wp\/v2\/pages"}],"about":[{"href":"https:\/\/www.marocchallenge.com\/fr\/wp-json\/wp\/v2\/types\/page"}],"author":[{"embeddable":true,"href":"https:\/\/www.marocchallenge.com\/fr\/wp-json\/wp\/v2\/users\/5"}],"replies":[{"embeddable":true,"href":"https:\/\/www.marocchallenge.com\/fr\/wp-json\/wp\/v2\/comments?post=14121"}],"version-history":[{"count":26,"href":"https:\/\/www.marocchallenge.com\/fr\/wp-json\/wp\/v2\/pages\/14121\/revisions"}],"predecessor-version":[{"id":24481,"href":"https:\/\/www.marocchallenge.com\/fr\/wp-json\/wp\/v2\/pages\/14121\/revisions\/24481"}],"wp:featuredmedia":[{"embeddable":true,"href":"https:\/\/www.marocchallenge.com\/fr\/wp-json\/wp\/v2\/media\/17218"}],"wp:attachment":[{"href":"https:\/\/www.marocchallenge.com\/fr\/wp-json\/wp\/v2\/media?parent=14121"}],"curies":[{"name":"wp","href":"https:\/\/api.w.org\/{rel}","templated":true}]}}