{"id":11410,"date":"2020-02-27T16:58:04","date_gmt":"2020-02-27T16:58:04","guid":{"rendered":"http:\/\/www.marocchallenge.eu\/concepto\/"},"modified":"2023-04-05T10:52:42","modified_gmt":"2023-04-05T10:52:42","slug":"concetto","status":"publish","type":"page","link":"https:\/\/www.marocchallenge.com\/it\/concetto\/","title":{"rendered":"Concetto"},"content":{"rendered":"<div class=\"fusion-fullwidth fullwidth-box fusion-builder-row-1 has-pattern-background has-mask-background hundred-percent-fullwidth non-hundred-percent-height-scrolling\" style=\"--awb-border-radius-top-left:0px;--awb-border-radius-top-right:0px;--awb-border-radius-bottom-right:0px;--awb-border-radius-bottom-left:0px;--awb-padding-top:2em;--awb-padding-bottom:2em;--awb-flex-wrap:wrap;\" ><div class=\"fusion-builder-row fusion-row\"><div class=\"fusion-layout-column fusion_builder_column fusion-builder-column-0 fusion_builder_column_1_1 1_1 fusion-one-full fusion-column-first fusion-column-last\" style=\"--awb-bg-size:cover;\"><div class=\"fusion-column-wrapper fusion-column-has-shadow fusion-flex-column-wrapper-legacy\"><div class=\"fusion-title title fusion-title-1 fusion-sep-none fusion-title-text fusion-title-size-one\" style=\"--awb-margin-top-small:0px;--awb-margin-right-small:0px;--awb-margin-bottom-small:30px;--awb-margin-left-small:0px;\"><h1 class=\"fusion-title-heading title-heading-left fusion-responsive-typography-calculated\" style=\"margin:0;--fontSize:38;line-height:1.4;\"><strong>Concetto<\/strong><\/h1><\/div><div class=\"fusion-clearfix\"><\/div><\/div><\/div><div class=\"fusion-layout-column fusion_builder_column fusion-builder-column-1 fusion_builder_column_1_1 1_1 fusion-one-full fusion-column-first fusion-column-last content-page\" style=\"--awb-bg-size:cover;\"><div class=\"fusion-column-wrapper fusion-column-has-shadow fusion-flex-column-wrapper-legacy\"><div class=\"fusion-image-element fusion-image-align-center in-legacy-container\" style=\"text-align:center;--awb-caption-title-font-family:var(--h2_typography-font-family);--awb-caption-title-font-weight:var(--h2_typography-font-weight);--awb-caption-title-font-style:var(--h2_typography-font-style);--awb-caption-title-size:var(--h2_typography-font-size);--awb-caption-title-transform:var(--h2_typography-text-transform);--awb-caption-title-line-height:var(--h2_typography-line-height);--awb-caption-title-letter-spacing:var(--h2_typography-letter-spacing);\"><div class=\"imageframe-align-center\"><span class=\" fusion-imageframe imageframe-none imageframe-1 hover-type-none\"><img decoding=\"async\" width=\"1680\" height=\"945\" alt=\"Rui Cabaco in un briefing prima di una tappa\" title=\"KFOTO-753993\" src=\"http:\/\/www.marocchallenge.eu\/wp-content\/uploads\/2020\/02\/KFOTO-753993.jpg\" class=\"img-responsive wp-image-1014\" srcset=\"https:\/\/www.marocchallenge.com\/wp-content\/uploads\/2020\/02\/KFOTO-753993-200x113.jpg 200w, https:\/\/www.marocchallenge.com\/wp-content\/uploads\/2020\/02\/KFOTO-753993-400x225.jpg 400w, https:\/\/www.marocchallenge.com\/wp-content\/uploads\/2020\/02\/KFOTO-753993-600x338.jpg 600w, https:\/\/www.marocchallenge.com\/wp-content\/uploads\/2020\/02\/KFOTO-753993-800x450.jpg 800w, https:\/\/www.marocchallenge.com\/wp-content\/uploads\/2020\/02\/KFOTO-753993-1200x675.jpg 1200w, https:\/\/www.marocchallenge.com\/wp-content\/uploads\/2020\/02\/KFOTO-753993.jpg 1680w\" sizes=\"(max-width: 1024px) 100vw, 1200px\" \/><\/span><\/div><\/div><div class=\"fusion-title title fusion-title-2 fusion-sep-none fusion-title-text fusion-title-size-two\" style=\"--awb-text-color:#333333;--awb-margin-top:0.5em;--awb-margin-top-small:0.2em;--awb-margin-right-small:0px;--awb-margin-left-small:0px;--awb-font-size:94px;\"><h2 class=\"fusion-title-heading title-heading-left fusion-responsive-typography-calculated\" style=\"font-family:&quot;Maroc Impact&quot;;font-style:normal;font-weight:400;margin:0;font-size:1em;--fontSize:94;line-height:1.02;\"><p><strong>LA DAKAR DEGLI ANNI 70 PERGLI<br \/>\nAVVENTUROSI DI\u00a0OGGI<\/strong><\/p><\/h2><\/div><div class=\"fusion-sep-clear\"><\/div><div class=\"fusion-separator fusion-clearfix\" style=\"float:left;margin-bottom:20px;width:100%;max-width:70%;\"><div class=\"fusion-separator-border sep-single sep-solid\" style=\"--awb-height:20px;--awb-amount:20px;--awb-sep-color:#ffc300;border-color:#ffc300;border-top-width:3px;\"><\/div><\/div><div class=\"fusion-sep-clear\"><\/div><div class=\"fusion-text fusion-text-1\"><p>Se stai leggendo queste righe significa che sognavi di partecipare ad una grande gara marathon come la Dakar o l\u2019Africa Race! Sono sempre stato innamorato del mondo dei motori e dei primi raid degli anni 70 e 80. Veicoli poco preparati, piloti senza troppa esperienza, un continente sconosciuto e veramente pochi mezzi. Quella si che era avventura. Quando ho pensato alla prima edizione della Maroc, era questo lo spirito che volevo trasmettere. \u00c8 evidente che non c\u2019\u00e8 confronto, la differenza di preparazione, costi e di quello che si esige da queste prove rispetto alla nostra \u00e8 abissale, ma sono sicuro che sentiamo la stessa sfida, proviamole stesse gioie e dolori e ci accompagna lo stesso spirito di avventura.<\/p>\n<p>A pi\u00f9 di 17 edizioni di distanza, la nostra Maroc \u00e8 cambiata molto, cos\u00ec come \u00e8 cambiata la Dakar, per\u00f2 mantiene la promessa di essere una gara aperta a tutti, indipendentemente dalla preparazione del veicolo e dall\u2019esperienza. Se avete gi\u00e0 partecipato e volete ripetere l\u2019esperienza, vi esorto a farlo. Ogni esperienza \u00e8 diversa, ogni edizione \u00e8 unica, percorsi diversi, gente nuova, e un Paese che sorprende sempre. Se state pensando di partecipare per la prima volta, vi esorto comunque! Perch\u00e9 sicuramente soffrirete, vi divertirete, ci saranno momenti nei quali vi ricorderete del giorno in cui avete letto queste righe e vi pentirete di esservi imbarcati in quest\u2019impresa, e sicuramente dopo poche ore vi sorprenderete della soddisfazione di far parte di questa avventura. In realt\u00e0, io vi posso solo garantire che la Maroc sar\u00e0 un\u2019esperienza unica.<\/p>\n<\/div><div class=\"fusion-title title fusion-title-3 fusion-sep-none fusion-title-text fusion-title-size-three\" style=\"--awb-text-color:#000000;--awb-margin-top-small:0px;--awb-margin-right-small:0px;--awb-margin-bottom-small:30px;--awb-margin-left-small:0px;--awb-font-size:36px;\"><h3 class=\"fusion-title-heading title-heading-left fusion-responsive-typography-calculated\" style=\"font-family:&quot;Maroc SourceSans Pro Bold&quot;;font-style:normal;font-weight:400;margin:0;font-size:1em;--fontSize:36;line-height:1.3;\"><strong class=\"bold-text-7\">Benvenuti allo spirito Maroc!<\/strong><\/h3><\/div><div class=\"fusion-image-element in-legacy-container\" style=\"--awb-max-width:150px;--awb-caption-title-font-family:var(--h2_typography-font-family);--awb-caption-title-font-weight:var(--h2_typography-font-weight);--awb-caption-title-font-style:var(--h2_typography-font-style);--awb-caption-title-size:var(--h2_typography-font-size);--awb-caption-title-transform:var(--h2_typography-text-transform);--awb-caption-title-line-height:var(--h2_typography-line-height);--awb-caption-title-letter-spacing:var(--h2_typography-letter-spacing);\"><span class=\" fusion-imageframe imageframe-none imageframe-2 hover-type-none\"><img decoding=\"async\" width=\"863\" height=\"434\" alt=\"Firma di Rui Cabaco - Maroc Challenge BriefingMan\" title=\"5c2d03a12cc62814e1d51d0e_firma\" src=\"http:\/\/www.marocchallenge.eu\/wp-content\/uploads\/2020\/03\/5c2d03a12cc62814e1d51d0e_firma.png\" class=\"img-responsive wp-image-10956\" srcset=\"https:\/\/www.marocchallenge.com\/wp-content\/uploads\/2020\/03\/5c2d03a12cc62814e1d51d0e_firma-200x101.png 200w, https:\/\/www.marocchallenge.com\/wp-content\/uploads\/2020\/03\/5c2d03a12cc62814e1d51d0e_firma-400x201.png 400w, https:\/\/www.marocchallenge.com\/wp-content\/uploads\/2020\/03\/5c2d03a12cc62814e1d51d0e_firma-600x302.png 600w, https:\/\/www.marocchallenge.com\/wp-content\/uploads\/2020\/03\/5c2d03a12cc62814e1d51d0e_firma-800x402.png 800w, https:\/\/www.marocchallenge.com\/wp-content\/uploads\/2020\/03\/5c2d03a12cc62814e1d51d0e_firma.png 863w\" sizes=\"(max-width: 1024px) 100vw, 863px\" \/><\/span><\/div><div class=\"fusion-title title fusion-title-4 fusion-sep-none fusion-title-text fusion-title-size-four\" style=\"--awb-text-color:#000000;--awb-margin-top-small:0px;--awb-margin-right-small:0px;--awb-margin-bottom-small:30px;--awb-margin-left-small:0px;\"><h4 class=\"fusion-title-heading title-heading-left fusion-responsive-typography-calculated\" style=\"font-family:&quot;Maroc SourceSans Pro Regular&quot;;font-style:normal;font-weight:400;margin:0;--fontSize:20;--minFontSize:20;line-height:1.5;\">Rui Caba\u00e7o \u2014 BriefingMan<\/h4><\/div><a class=\"fb-icon-element-1 fb-icon-element fontawesome-icon fa-facebook fab circle-no fusion-text-flow fusion-link\" style=\"--awb-iconcolor:#ffd547;--awb-iconcolor-hover:#ffd547;--awb-circlecolor:#ffd547;--awb-font-size:41px;--awb-margin-right:20.5px;\" href=\"https:\/\/www.facebook.com\/MarocBriefingMan\/\" target=\"_blank\" aria-label=\"Link to https:\/\/www.facebook.com\/MarocBriefingMan\/\" rel=\"noopener noreferrer\"><\/a><div class=\"fusion-clearfix\"><\/div><\/div><\/div><\/div><\/div>\n","protected":false},"excerpt":{"rendered":"","protected":false},"author":5,"featured_media":17117,"parent":0,"menu_order":0,"comment_status":"closed","ping_status":"closed","template":"100-width.php","meta":{"footnotes":""},"class_list":["post-11410","page","type-page","status-publish","has-post-thumbnail","hentry"],"yoast_head":"<!-- This site is optimized with the Yoast SEO plugin v27.4 - https:\/\/yoast.com\/product\/yoast-seo-wordpress\/ -->\n<title>Maroc Challenge - Concetto - Benvenuti allo spirito Maroc!<\/title>\n<meta name=\"description\" content=\"Se stai leggendo queste righe significa che sognavi di partecipare ad una grande gara marathon come la Dakar o l\u2019Africa Race!\" \/>\n<meta name=\"robots\" content=\"index, follow, max-snippet:-1, max-image-preview:large, max-video-preview:-1\" \/>\n<link rel=\"canonical\" href=\"https:\/\/www.marocchallenge.com\/it\/concetto\/\" \/>\n<meta property=\"og:locale\" content=\"it_IT\" \/>\n<meta property=\"og:type\" content=\"article\" \/>\n<meta property=\"og:title\" content=\"Maroc Challenge - Concetto - Benvenuti allo spirito Maroc!\" \/>\n<meta property=\"og:description\" content=\"Se stai leggendo queste righe significa che sognavi di partecipare ad una grande gara marathon come la Dakar o l\u2019Africa Race!\" \/>\n<meta property=\"og:url\" content=\"https:\/\/www.marocchallenge.com\/it\/concetto\/\" \/>\n<meta property=\"og:site_name\" content=\"Maroc Challenge\" \/>\n<meta property=\"article:publisher\" content=\"https:\/\/www.facebook.com\/MarocChallenge\/\" \/>\n<meta property=\"article:modified_time\" content=\"2023-04-05T10:52:42+00:00\" \/>\n<meta property=\"og:image\" content=\"https:\/\/www.marocchallenge.com\/wp-content\/uploads\/2020\/02\/KFOTO-753993.jpg\" \/>\n\t<meta property=\"og:image:width\" content=\"1680\" \/>\n\t<meta property=\"og:image:height\" content=\"945\" \/>\n\t<meta property=\"og:image:type\" content=\"image\/jpeg\" \/>\n<meta name=\"twitter:card\" content=\"summary_large_image\" \/>\n<meta name=\"twitter:site\" content=\"@marochallenge\" \/>\n<meta name=\"twitter:label1\" content=\"Tempo di lettura stimato\" \/>\n\t<meta name=\"twitter:data1\" content=\"4 minuti\" \/>\n<script type=\"application\/ld+json\" class=\"yoast-schema-graph\">{\"@context\":\"https:\\\/\\\/schema.org\",\"@graph\":[{\"@type\":\"WebPage\",\"@id\":\"https:\\\/\\\/www.marocchallenge.com\\\/it\\\/concetto\\\/\",\"url\":\"https:\\\/\\\/www.marocchallenge.com\\\/it\\\/concetto\\\/\",\"name\":\"Maroc Challenge - Concetto - Benvenuti allo spirito Maroc!\",\"isPartOf\":{\"@id\":\"https:\\\/\\\/www.marocchallenge.com\\\/it\\\/#website\"},\"primaryImageOfPage\":{\"@id\":\"https:\\\/\\\/www.marocchallenge.com\\\/it\\\/concetto\\\/#primaryimage\"},\"image\":{\"@id\":\"https:\\\/\\\/www.marocchallenge.com\\\/it\\\/concetto\\\/#primaryimage\"},\"thumbnailUrl\":\"https:\\\/\\\/www.marocchallenge.com\\\/wp-content\\\/uploads\\\/2021\\\/08\\\/0417_080245_KFOTOK-04451_HD_1680x945px-scaled.jpg\",\"datePublished\":\"2020-02-27T16:58:04+00:00\",\"dateModified\":\"2023-04-05T10:52:42+00:00\",\"description\":\"Se stai leggendo queste righe significa che sognavi di partecipare ad una grande gara marathon come la Dakar o l\u2019Africa Race!\",\"breadcrumb\":{\"@id\":\"https:\\\/\\\/www.marocchallenge.com\\\/it\\\/concetto\\\/#breadcrumb\"},\"inLanguage\":\"it-IT\",\"potentialAction\":[{\"@type\":\"ReadAction\",\"target\":[\"https:\\\/\\\/www.marocchallenge.com\\\/it\\\/concetto\\\/\"]}]},{\"@type\":\"ImageObject\",\"inLanguage\":\"it-IT\",\"@id\":\"https:\\\/\\\/www.marocchallenge.com\\\/it\\\/concetto\\\/#primaryimage\",\"url\":\"https:\\\/\\\/www.marocchallenge.com\\\/wp-content\\\/uploads\\\/2021\\\/08\\\/0417_080245_KFOTOK-04451_HD_1680x945px-scaled.jpg\",\"contentUrl\":\"https:\\\/\\\/www.marocchallenge.com\\\/wp-content\\\/uploads\\\/2021\\\/08\\\/0417_080245_KFOTOK-04451_HD_1680x945px-scaled.jpg\",\"width\":2560,\"height\":1440},{\"@type\":\"BreadcrumbList\",\"@id\":\"https:\\\/\\\/www.marocchallenge.com\\\/it\\\/concetto\\\/#breadcrumb\",\"itemListElement\":[{\"@type\":\"ListItem\",\"position\":1,\"name\":\"Portada\",\"item\":\"https:\\\/\\\/www.marocchallenge.com\\\/it\\\/\"},{\"@type\":\"ListItem\",\"position\":2,\"name\":\"Concetto\"}]},{\"@type\":\"WebSite\",\"@id\":\"https:\\\/\\\/www.marocchallenge.com\\\/it\\\/#website\",\"url\":\"https:\\\/\\\/www.marocchallenge.com\\\/it\\\/\",\"name\":\"Maroc Challenge\",\"description\":\"La Dakar degli anni 70 pergli avventurosi di oggi\",\"publisher\":{\"@id\":\"https:\\\/\\\/www.marocchallenge.com\\\/it\\\/#organization\"},\"potentialAction\":[{\"@type\":\"SearchAction\",\"target\":{\"@type\":\"EntryPoint\",\"urlTemplate\":\"https:\\\/\\\/www.marocchallenge.com\\\/it\\\/?s={search_term_string}\"},\"query-input\":{\"@type\":\"PropertyValueSpecification\",\"valueRequired\":true,\"valueName\":\"search_term_string\"}}],\"inLanguage\":\"it-IT\"},{\"@type\":\"Organization\",\"@id\":\"https:\\\/\\\/www.marocchallenge.com\\\/it\\\/#organization\",\"name\":\"Maroc Challenge - El Dakar de los 70's para los aventureros de hoy\",\"url\":\"https:\\\/\\\/www.marocchallenge.com\\\/it\\\/\",\"logo\":{\"@type\":\"ImageObject\",\"inLanguage\":\"it-IT\",\"@id\":\"https:\\\/\\\/www.marocchallenge.com\\\/it\\\/#\\\/schema\\\/logo\\\/image\\\/\",\"url\":\"https:\\\/\\\/www.marocchallenge.com\\\/wp-content\\\/uploads\\\/2020\\\/03\\\/Logo-Maroc_Challenge.png\",\"contentUrl\":\"https:\\\/\\\/www.marocchallenge.com\\\/wp-content\\\/uploads\\\/2020\\\/03\\\/Logo-Maroc_Challenge.png\",\"width\":170,\"height\":96,\"caption\":\"Maroc Challenge - El Dakar de los 70's para los aventureros de hoy\"},\"image\":{\"@id\":\"https:\\\/\\\/www.marocchallenge.com\\\/it\\\/#\\\/schema\\\/logo\\\/image\\\/\"},\"sameAs\":[\"https:\\\/\\\/www.facebook.com\\\/MarocChallenge\\\/\",\"https:\\\/\\\/x.com\\\/marochallenge\",\"https:\\\/\\\/www.instagram.com\\\/marocchallenge\\\/\",\"https:\\\/\\\/www.linkedin.com\\\/company\\\/maroc-challenge\",\"https:\\\/\\\/www.youtube.com\\\/user\\\/MarocChallenge\"]}]}<\/script>\n<!-- \/ Yoast SEO plugin. -->","yoast_head_json":{"title":"Maroc Challenge - Concetto - Benvenuti allo spirito Maroc!","description":"Se stai leggendo queste righe significa che sognavi di partecipare ad una grande gara marathon come la Dakar o l\u2019Africa Race!","robots":{"index":"index","follow":"follow","max-snippet":"max-snippet:-1","max-image-preview":"max-image-preview:large","max-video-preview":"max-video-preview:-1"},"canonical":"https:\/\/www.marocchallenge.com\/it\/concetto\/","og_locale":"it_IT","og_type":"article","og_title":"Maroc Challenge - Concetto - Benvenuti allo spirito Maroc!","og_description":"Se stai leggendo queste righe significa che sognavi di partecipare ad una grande gara marathon come la Dakar o l\u2019Africa Race!","og_url":"https:\/\/www.marocchallenge.com\/it\/concetto\/","og_site_name":"Maroc Challenge","article_publisher":"https:\/\/www.facebook.com\/MarocChallenge\/","article_modified_time":"2023-04-05T10:52:42+00:00","og_image":[{"width":1680,"height":945,"url":"https:\/\/www.marocchallenge.com\/wp-content\/uploads\/2020\/02\/KFOTO-753993.jpg","type":"image\/jpeg"}],"twitter_card":"summary_large_image","twitter_site":"@marochallenge","twitter_misc":{"Tempo di lettura stimato":"4 minuti"},"schema":{"@context":"https:\/\/schema.org","@graph":[{"@type":"WebPage","@id":"https:\/\/www.marocchallenge.com\/it\/concetto\/","url":"https:\/\/www.marocchallenge.com\/it\/concetto\/","name":"Maroc Challenge - Concetto - Benvenuti allo spirito Maroc!","isPartOf":{"@id":"https:\/\/www.marocchallenge.com\/it\/#website"},"primaryImageOfPage":{"@id":"https:\/\/www.marocchallenge.com\/it\/concetto\/#primaryimage"},"image":{"@id":"https:\/\/www.marocchallenge.com\/it\/concetto\/#primaryimage"},"thumbnailUrl":"https:\/\/www.marocchallenge.com\/wp-content\/uploads\/2021\/08\/0417_080245_KFOTOK-04451_HD_1680x945px-scaled.jpg","datePublished":"2020-02-27T16:58:04+00:00","dateModified":"2023-04-05T10:52:42+00:00","description":"Se stai leggendo queste righe significa che sognavi di partecipare ad una grande gara marathon come la Dakar o l\u2019Africa Race!","breadcrumb":{"@id":"https:\/\/www.marocchallenge.com\/it\/concetto\/#breadcrumb"},"inLanguage":"it-IT","potentialAction":[{"@type":"ReadAction","target":["https:\/\/www.marocchallenge.com\/it\/concetto\/"]}]},{"@type":"ImageObject","inLanguage":"it-IT","@id":"https:\/\/www.marocchallenge.com\/it\/concetto\/#primaryimage","url":"https:\/\/www.marocchallenge.com\/wp-content\/uploads\/2021\/08\/0417_080245_KFOTOK-04451_HD_1680x945px-scaled.jpg","contentUrl":"https:\/\/www.marocchallenge.com\/wp-content\/uploads\/2021\/08\/0417_080245_KFOTOK-04451_HD_1680x945px-scaled.jpg","width":2560,"height":1440},{"@type":"BreadcrumbList","@id":"https:\/\/www.marocchallenge.com\/it\/concetto\/#breadcrumb","itemListElement":[{"@type":"ListItem","position":1,"name":"Portada","item":"https:\/\/www.marocchallenge.com\/it\/"},{"@type":"ListItem","position":2,"name":"Concetto"}]},{"@type":"WebSite","@id":"https:\/\/www.marocchallenge.com\/it\/#website","url":"https:\/\/www.marocchallenge.com\/it\/","name":"Maroc Challenge","description":"La Dakar degli anni 70 pergli avventurosi di oggi","publisher":{"@id":"https:\/\/www.marocchallenge.com\/it\/#organization"},"potentialAction":[{"@type":"SearchAction","target":{"@type":"EntryPoint","urlTemplate":"https:\/\/www.marocchallenge.com\/it\/?s={search_term_string}"},"query-input":{"@type":"PropertyValueSpecification","valueRequired":true,"valueName":"search_term_string"}}],"inLanguage":"it-IT"},{"@type":"Organization","@id":"https:\/\/www.marocchallenge.com\/it\/#organization","name":"Maroc Challenge - El Dakar de los 70's para los aventureros de hoy","url":"https:\/\/www.marocchallenge.com\/it\/","logo":{"@type":"ImageObject","inLanguage":"it-IT","@id":"https:\/\/www.marocchallenge.com\/it\/#\/schema\/logo\/image\/","url":"https:\/\/www.marocchallenge.com\/wp-content\/uploads\/2020\/03\/Logo-Maroc_Challenge.png","contentUrl":"https:\/\/www.marocchallenge.com\/wp-content\/uploads\/2020\/03\/Logo-Maroc_Challenge.png","width":170,"height":96,"caption":"Maroc Challenge - El Dakar de los 70's para los aventureros de hoy"},"image":{"@id":"https:\/\/www.marocchallenge.com\/it\/#\/schema\/logo\/image\/"},"sameAs":["https:\/\/www.facebook.com\/MarocChallenge\/","https:\/\/x.com\/marochallenge","https:\/\/www.instagram.com\/marocchallenge\/","https:\/\/www.linkedin.com\/company\/maroc-challenge","https:\/\/www.youtube.com\/user\/MarocChallenge"]}]}},"_links":{"self":[{"href":"https:\/\/www.marocchallenge.com\/it\/wp-json\/wp\/v2\/pages\/11410","targetHints":{"allow":["GET"]}}],"collection":[{"href":"https:\/\/www.marocchallenge.com\/it\/wp-json\/wp\/v2\/pages"}],"about":[{"href":"https:\/\/www.marocchallenge.com\/it\/wp-json\/wp\/v2\/types\/page"}],"author":[{"embeddable":true,"href":"https:\/\/www.marocchallenge.com\/it\/wp-json\/wp\/v2\/users\/5"}],"replies":[{"embeddable":true,"href":"https:\/\/www.marocchallenge.com\/it\/wp-json\/wp\/v2\/comments?post=11410"}],"version-history":[{"count":6,"href":"https:\/\/www.marocchallenge.com\/it\/wp-json\/wp\/v2\/pages\/11410\/revisions"}],"predecessor-version":[{"id":20228,"href":"https:\/\/www.marocchallenge.com\/it\/wp-json\/wp\/v2\/pages\/11410\/revisions\/20228"}],"wp:featuredmedia":[{"embeddable":true,"href":"https:\/\/www.marocchallenge.com\/it\/wp-json\/wp\/v2\/media\/17117"}],"wp:attachment":[{"href":"https:\/\/www.marocchallenge.com\/it\/wp-json\/wp\/v2\/media?parent=11410"}],"curies":[{"name":"wp","href":"https:\/\/api.w.org\/{rel}","templated":true}]}}