{"id":11480,"date":"2020-02-27T14:25:07","date_gmt":"2020-02-27T14:25:07","guid":{"rendered":"http:\/\/www.marocchallenge.eu\/privacidad\/"},"modified":"2020-12-29T09:24:47","modified_gmt":"2020-12-29T09:24:47","slug":"privacidad","status":"publish","type":"page","link":"https:\/\/www.marocchallenge.com\/it\/privacidad\/","title":{"rendered":"Privacidad"},"content":{"rendered":"<div class=\"fusion-fullwidth fullwidth-box fusion-builder-row-1 nonhundred-percent-fullwidth non-hundred-percent-height-scrolling\" style=\"--awb-border-radius-top-left:0px;--awb-border-radius-top-right:0px;--awb-border-radius-bottom-right:0px;--awb-border-radius-bottom-left:0px;--awb-flex-wrap:wrap;\" ><div class=\"fusion-builder-row fusion-row\"><div class=\"fusion-layout-column fusion_builder_column fusion-builder-column-0 fusion_builder_column_1_1 1_1 fusion-one-full fusion-column-first fusion-column-last\" style=\"--awb-bg-size:cover;\"><div class=\"fusion-column-wrapper fusion-column-has-shadow fusion-flex-column-wrapper-legacy\"><div class=\"fusion-fullwidth fullwidth-box fusion-builder-row-1-1 nonhundred-percent-fullwidth non-hundred-percent-height-scrolling\" style=\"--awb-border-radius-top-left:0px;--awb-border-radius-top-right:0px;--awb-border-radius-bottom-right:0px;--awb-border-radius-bottom-left:0px;--awb-flex-wrap:wrap;\" ><div class=\"fusion-builder-row fusion-row\"><div class=\"fusion-layout-column fusion_builder_column fusion-builder-column-1 fusion_builder_column_1_1 1_1 fusion-one-full fusion-column-first fusion-column-last\" style=\"--awb-bg-size:cover;\"><div class=\"fusion-column-wrapper fusion-column-has-shadow fusion-flex-column-wrapper-legacy\"><div class=\"fusion-title title fusion-title-1 fusion-sep-none fusion-title-text fusion-title-size-one\"><h1 class=\"fusion-title-heading title-heading-left fusion-responsive-typography-calculated\" style=\"margin:0;--fontSize:38;line-height:1.4;\">Privacidad<\/h1><\/div><div class=\"fusion-text fusion-text-1\"><ul>\n<li><b>\u00bfQui\u00e9n es el responsable de tratamiento de sus datos?<\/b><\/li>\n<\/ul>\n<p><b>GRAND TOUR ADVENTURE VIAJES Y EVENTOS S.L.<\/b><\/p>\n<p><b>B54999578<\/b><\/p>\n<p><b>Avda Libertad 3, L8 &#8211; <\/b><b>03730 Javea, Alicante<\/b><\/p>\n<p><b>677063229<\/b><\/p>\n<p><b>info@marocchallenge.com<\/b><\/p>\n<ul>\n<li><b>\u00bfQu\u00e9 tipo de datos tenemos sobre su persona y c\u00f3mo los hemos obtenido?<\/b><\/li>\n<\/ul>\n<p><span style=\"font-weight: 400;\">Las categor\u00edas de datos personales que tratamos de clientes y proveedores son:<\/span><\/p>\n<ol>\n<li style=\"font-weight: 400;\"><span style=\"font-weight: 400;\">Datos de identificaci\u00f3n<\/span><\/li>\n<li style=\"font-weight: 400;\"><span style=\"font-weight: 400;\">Direcciones postales o electr\u00f3nicas<\/span><\/li>\n<li style=\"font-weight: 400;\"><span style=\"font-weight: 400;\">Informaci\u00f3n comercial<\/span><\/li>\n<li style=\"font-weight: 400;\"><span style=\"font-weight: 400;\">Datos econ\u00f3micos y de transacciones<\/span><\/li>\n<li style=\"font-weight: 400;\"><span style=\"font-weight: 400;\">Datos especialmente protegidos: salud, en el caso de empleados.<\/span><\/li>\n<\/ol>\n<p><span style=\"font-weight: 400;\">Todos los datos arriba mencionados los hemos obtenido o directamente de usted mediante la presentaci\u00f3n de una oferta comercial, propuesta contractual, etc. o mediante su empresa al facilitarnos los datos de identificaci\u00f3n y dem\u00e1s informaci\u00f3n necesaria para llevar al cabo el objeto de la relaci\u00f3n contractual entre las partes. Ser\u00e1 una obligaci\u00f3n suya o de su empresa facilitarnos los datos actualizados en caso de modificaci\u00f3n.<\/span><\/p>\n<ul>\n<li><b>\u00bfCon qu\u00e9 finalidad tratamos sus datos?<\/b><\/li>\n<\/ul>\n<p><span style=\"font-weight: 400;\">Tratamos los datos que nos facilitan las personas interesadas con el fin de gestionar distintas actividades derivadas de procedimientos espec\u00edficos realizados en materia de ventas, servicio post venta, gesti\u00f3n de proveedores, calidad de servicios, etc. De esta manera, utilizaremos sus datos para llevar a cabo alguna de las siguientes acciones:<\/span><\/p>\n<ol>\n<li><span style=\"font-weight: 400;\">Env\u00edo de la informaci\u00f3n que nos soliciten mediante el formulario de contacto de nuestra p\u00e1gina web o cualquier otro medio de contacto con nuestra empresa,<\/span><\/li>\n<li><span style=\"font-weight: 400;\">Facilitar tanto a los clientes potenciales como a nuestros clientes, ofertas de productos y servicios de su inter\u00e9s,<\/span><\/li>\n<\/ol>\n<p><span style=\"font-weight: 400;\">III.<\/span> <span style=\"font-weight: 400;\">Llevar a cabo la gesti\u00f3n administrativa, fiscal y contable de nuestros clientes y\/o proveedores,<\/span><\/p>\n<ol>\n<li><span style=\"font-weight: 400;\">Llevar a cabo encuestas de satisfacci\u00f3n, estudios de mercado, etc. con el fin de poder ofrecerle las ofertas m\u00e1s adecuadas y una calidad optimizada de servicio, etc.<\/span><\/li>\n<li><span style=\"font-weight: 400;\">Gesti\u00f3n laboral de empleados.<\/span><\/li>\n<\/ol>\n<ul>\n<li><b>\u00bfPor cu\u00e1nto tiempo conservaremos sus datos?<\/b><\/li>\n<\/ul>\n<p><span style=\"font-weight: 400;\">Los datos personales relativos a personas f\u00edsicas vinculadas a clientes potenciales, clientes y proveedores que recopilemos mediante los distintos formularios de contacto y\/o recogida de informaci\u00f3n se conservar\u00e1n mientras no se solicite su supresi\u00f3n por el interesado. Los datos proporcionados por nuestros clientes y proveedores se conservar\u00e1n mientras se mantenga la relaci\u00f3n mercantil entre las partes respetando en cualquier caso los plazos m\u00ednimos legales de conservaci\u00f3n seg\u00fan la materia.<\/span><\/p>\n<p><span style=\"font-weight: 400;\">Los datos de trabajadores se conservar\u00e1n mientras se mantenga la relaci\u00f3n laboral y en todo caso, seg\u00fan lo que prescriba la legislaci\u00f3n labora al efecto.<\/span><\/p>\n<p><span style=\"font-weight: 400;\">En cualquier caso, guardaremos sus datos personales durante el per\u00edodo de tiempo que sea razonablemente necesario teniendo en cuenta nuestras necesidades de dar respuesta a cuestiones que se planteen o resolver problemas, realizar mejoras, activar nuevos servicios y cumplir los requisitos que exija la legislaci\u00f3n aplicable. Esto significa que podemos conservar tus datos personales durante un per\u00edodo de tiempo razonable incluso despu\u00e9s de que haya dejado de usar nuestros productos o de que haya dejado de usar esta p\u00e1gina web. Despu\u00e9s de este per\u00edodo, sus datos personales ser\u00e1n eliminados de todos nuestros sistemas.<\/span><\/p>\n<ul>\n<li><b>\u00bfCu\u00e1l es la base de legitimaci\u00f3n para el tratamiento de sus datos?<\/b><\/li>\n<\/ul>\n<p><span style=\"font-weight: 400;\">Seg\u00fan tipo de tratamiento de datos la base de legitimaci\u00f3n es la siguiente:<\/span><\/p>\n<table>\n<tbody>\n<tr>\n<td><b>TRATAMIENTO<\/b><\/td>\n<td><b>BASE DE LEGITIMACI\u00d3N<\/b><\/td>\n<\/tr>\n<tr>\n<td><b>Gesti\u00f3n Contable: <\/b><span style=\"font-weight: 400;\">gesti\u00f3n de facturaci\u00f3n con clientes y\/o proveedores<\/span><\/td>\n<td><span style=\"font-weight: 400;\">Mantenimiento, desarrollo y control de la relaci\u00f3n contractual entre las partes<\/span><\/td>\n<\/tr>\n<tr>\n<td><b>Gesti\u00f3n fiscal: <\/b><span style=\"font-weight: 400;\">aplicaci\u00f3n de retenciones, bonificaciones, etc.<\/span><\/td>\n<td><span style=\"font-weight: 400;\">Mantenimiento, desarrollo y control de la<\/span><\/p>\n<p><span style=\"font-weight: 400;\">relaci\u00f3n contractual entre las partes; Cumplimiento obligaciones legales<\/span><\/td>\n<\/tr>\n<tr>\n<td><b>Gesti\u00f3n administrativa:<\/b><span style=\"font-weight: 400;\"> gesti\u00f3n de log\u00edstica, almac\u00e9n, entregas al cliente, recepci\u00f3n de mercanc\u00edas, etc.<\/span><\/td>\n<td><span style=\"font-weight: 400;\">Mantenimiento, desarrollo y control de la<\/span><\/p>\n<p><span style=\"font-weight: 400;\">relaci\u00f3n contractual entre las partes<\/span><\/td>\n<\/tr>\n<tr>\n<td><b>Marketing: <\/b><span style=\"font-weight: 400;\">Acciones comerciales sobre nuestros productos o servicios dirigidas a nuestros clientes o aquellas personas que nos han solicitado informaci\u00f3n relativa a nuestros productos y servicios en el pasado, incluyendo la realizaci\u00f3n de encuestas de satisfacci\u00f3n a nuestros clientes.<\/span><\/td>\n<td><span style=\"font-weight: 400;\">Consentimiento libre e inequ\u00edvoco del propio interesado (clientes potenciales), le hacemos constar que la retirada de este consentimiento en ning\u00fan caso puede condicionar la ejecuci\u00f3n del contrato que hubiera entre las partes; inter\u00e9s leg\u00edtimo de la compa\u00f1\u00eda sobre la promoci\u00f3n y comercializaci\u00f3n de productos o servicios similares a los obtenidos o solicitados por las personas interesadas en el pasado.<\/span><\/td>\n<\/tr>\n<tr>\n<td><b>Si eres empleado, para la Gesti\u00f3n laboral: <\/b><span style=\"font-weight: 400;\">gesti\u00f3n administrativa, contable y fiscal de empleados.<\/span><\/td>\n<td><span style=\"font-weight: 400;\">Ejecuci\u00f3n de un contrato laboral.<\/span><\/td>\n<\/tr>\n<\/tbody>\n<\/table>\n<p><span style=\"font-weight: 400;\">En el supuesto de que no facilite sus datos de car\u00e1cter personal no se podr\u00e1 ejecutar su contrato, cumplir las obligaciones legales o derivadas de los poderes p\u00fablicos.<\/span><\/p>\n<ul>\n<li><b>\u00bfA qu\u00e9 destinatarios se comunicar\u00e1n sus datos?<\/b><\/li>\n<\/ul>\n<p><span style=\"font-weight: 400;\">No cederemos sus datos personales a ninguna empresa tercera que pretenda utilizarlos en sus acciones de marketing directo, excepto en el caso de que nos haya autorizado expresamente a ello.<\/span><\/p>\n<p><span style=\"font-weight: 400;\">Le informamos que podemos facilitar sus datos personales a organismos de la Administraci\u00f3n P\u00fablica y Autoridades competentes en aquellos casos en que nos requieran legalmente o en los casos en que, actuando de buena fe, consideremos que tal acci\u00f3n es razonablemente necesaria para cumplir con un proceso judicial; para contestar cualquier reclamaci\u00f3n o demanda jur\u00eddica; o para proteger los derechos de la empresa o sus clientes y el p\u00fablico en general.<\/span><\/p>\n<p><span style=\"font-weight: 400;\">Le informamos que sus datos no van a ser cedidos o comunicados a terceros, la empresa es la \u00fanica responsable para su tratamiento y custodia.<\/span><\/p>\n<p><span style=\"font-weight: 400;\">S\u00ed proporcionaremos sus datos personales a terceras personas (Ej. proveedores de servicios de Internet que nos ayudan a administrar nuestra p\u00e1gina web o llevar a cabo los servicios contratados, empresas de soporte y mantenimiento inform\u00e1tico, empresas de log\u00edstica, gestor\u00edas y asesoramiento fiscal y contable, etc.). En cualquier caso, estas terceras personas deben mantener, en todo momento, los mismos niveles de seguridad que nosotros en relaci\u00f3n a sus datos personales y, cuando sea necesario, estar\u00e1n vinculadas por compromisos legales a fin de guardar sus datos personales de forma privada y segura, y tambi\u00e9n para utilizar \u00fanicamente la informaci\u00f3n siguiendo instrucciones espec\u00edficas de la empresa.<\/span><\/p>\n<ul>\n<li><b>\u00bfTransferencias de datos a terceros pa\u00edses?<\/b><\/li>\n<\/ul>\n<p><span style=\"font-weight: 400;\">No est\u00e1n previstas transferencias de datos a terceros pa\u00edses.<\/span><\/p>\n<ul>\n<li><b>\u00bfCu\u00e1les son sus derechos como interesado?<\/b><\/li>\n<\/ul>\n<p><span style=\"font-weight: 400;\">Cualquier persona tiene derecho a obtener confirmaci\u00f3n sobre si estamos tratando datos personales que le conciernan, o no.<\/span><\/p>\n<p><span style=\"font-weight: 400;\">En concreto, las personas interesadas pueden solicitar el derecho de acceso a sus datos personales, as\u00ed como recibirlos en un formato com\u00fan y lectura mecanizada si el tratamiento se efect\u00faa por medios electr\u00f3nicos (derecho de portabilidad).<\/span><\/p>\n<p><span style=\"font-weight: 400;\">Asimismo, las personas interesadas pueden solicitar el derecho de rectificaci\u00f3n de los datos inexactos o, en su caso, solicitar su supresi\u00f3n cuando, entre otros motivos, los datos ya no sean necesarios para los fines que fueron recogidos.<\/span><\/p>\n<p><span style=\"font-weight: 400;\">Complementariamente, en determinadas circunstancias, los interesados podr\u00e1n solicitar la limitaci\u00f3n del tratamiento de sus datos, o en determinadas circunstancias y por motivos relacionados con su situaci\u00f3n particular, los interesados podr\u00e1n ejercitar su derecho a oponerse al tratamiento de sus datos. Dejaremos de tratar los datos, salvo por motivos leg\u00edtimos imperiosos, o el ejercicio o la defensa de posibles reclamaciones o en aquellas excepciones establecidas en la normativa aplicable.<\/span><\/p>\n<p><span style=\"font-weight: 400;\">Asimismo, le informamos que tiene derecho a retirar sus consentimientos otorgados en cualquier momento, sin que ello afecte a la licitud del tratamiento basado en el consentimiento previo a su retirada.<\/span><\/p>\n<p><span style=\"font-weight: 400;\">As\u00ed mismo se informa al Usuario que en cualquier momento puede ejercitar los mencionados derechos dirigi\u00e9ndose por escrito a nosotros utilizando los datos de contacto que aparecen en el punto 4.1, adjuntando copia de su DNI.<\/span><\/p>\n<p><span style=\"font-weight: 400;\">Usted tambi\u00e9n tendr\u00e1 el derecho a presentar una reclamaci\u00f3n ante la Agencia Espa\u00f1ola de Protecci\u00f3n de datos, especialmente cuando no haya obtenido satisfacci\u00f3n en el ejercicio de sus derechos.\u00a0<\/span><\/p>\n<p><a href=\"http:\/\/www.agpd.es\/portalwebAGPD\/index-ides-idphp.php\"><span style=\"font-weight: 400;\">http:\/\/www.agpd.es\/portalwebAGPD\/index-ides-idphp.php<\/span><\/a><\/p>\n<p><span style=\"font-weight: 400;\">Por otro lado, de acuerdo con lo dispuesto en la Ley 34\/2002, de 11 de Julio, de Servicios de la Sociedad de Informaci\u00f3n y de Comercio Electr\u00f3nico, nos comprometemos a no enviar publicidad a trav\u00e9s del correo electr\u00f3nico sin haber recabado antes la expresa autorizaci\u00f3n del destinatario. El Usuario podr\u00e1 oponerse al env\u00edo de publicidad marcando la casilla correspondiente.<\/span><\/p>\n<\/div><div class=\"fusion-clearfix\"><\/div><\/div><\/div><\/div><\/div>\n<div class=\"fusion-clearfix\"><\/div><\/div><\/div><\/div><\/div>\n","protected":false},"excerpt":{"rendered":"","protected":false},"author":5,"featured_media":17219,"parent":0,"menu_order":0,"comment_status":"closed","ping_status":"closed","template":"","meta":{"footnotes":""},"class_list":["post-11480","page","type-page","status-publish","has-post-thumbnail","hentry"],"yoast_head":"<!-- This site is optimized with the Yoast SEO plugin v27.3 - https:\/\/yoast.com\/product\/yoast-seo-wordpress\/ -->\n<title>Maroc Challenge - Privacidad<\/title>\n<meta name=\"description\" content=\"\u00bfQu\u00e9 tipo de datos tenemos sobre su persona y c\u00f3mo los hemos obtenido?\" \/>\n<meta name=\"robots\" content=\"index, follow, max-snippet:-1, max-image-preview:large, max-video-preview:-1\" \/>\n<link rel=\"canonical\" href=\"https:\/\/www.marocchallenge.com\/it\/privacidad\/\" \/>\n<meta property=\"og:locale\" content=\"it_IT\" \/>\n<meta property=\"og:type\" content=\"article\" \/>\n<meta property=\"og:title\" content=\"Maroc Challenge - Privacidad\" \/>\n<meta property=\"og:description\" content=\"\u00bfQu\u00e9 tipo de datos tenemos sobre su persona y c\u00f3mo los hemos obtenido?\" \/>\n<meta property=\"og:url\" content=\"https:\/\/www.marocchallenge.com\/it\/privacidad\/\" \/>\n<meta property=\"og:site_name\" content=\"Maroc Challenge\" \/>\n<meta property=\"article:publisher\" content=\"https:\/\/www.facebook.com\/MarocChallenge\/\" \/>\n<meta property=\"article:modified_time\" content=\"2020-12-29T09:24:47+00:00\" \/>\n<meta property=\"og:image\" content=\"https:\/\/www.marocchallenge.com\/wp-content\/uploads\/2021\/09\/splash_screen-300x300_maroc.png\" \/>\n\t<meta property=\"og:image:width\" content=\"300\" \/>\n\t<meta property=\"og:image:height\" content=\"300\" \/>\n\t<meta property=\"og:image:type\" content=\"image\/png\" \/>\n<meta name=\"twitter:card\" content=\"summary_large_image\" \/>\n<meta name=\"twitter:site\" content=\"@marochallenge\" \/>\n<meta name=\"twitter:label1\" content=\"Tempo di lettura stimato\" \/>\n\t<meta name=\"twitter:data1\" content=\"2 minuti\" \/>\n<script type=\"application\/ld+json\" class=\"yoast-schema-graph\">{\"@context\":\"https:\\\/\\\/schema.org\",\"@graph\":[{\"@type\":\"WebPage\",\"@id\":\"https:\\\/\\\/www.marocchallenge.com\\\/it\\\/privacidad\\\/\",\"url\":\"https:\\\/\\\/www.marocchallenge.com\\\/it\\\/privacidad\\\/\",\"name\":\"Maroc Challenge - Privacidad\",\"isPartOf\":{\"@id\":\"https:\\\/\\\/www.marocchallenge.com\\\/it\\\/#website\"},\"primaryImageOfPage\":{\"@id\":\"https:\\\/\\\/www.marocchallenge.com\\\/it\\\/privacidad\\\/#primaryimage\"},\"image\":{\"@id\":\"https:\\\/\\\/www.marocchallenge.com\\\/it\\\/privacidad\\\/#primaryimage\"},\"thumbnailUrl\":\"https:\\\/\\\/www.marocchallenge.com\\\/wp-content\\\/uploads\\\/2021\\\/09\\\/splash_screen-300x300_maroc.png\",\"datePublished\":\"2020-02-27T14:25:07+00:00\",\"dateModified\":\"2020-12-29T09:24:47+00:00\",\"description\":\"\u00bfQu\u00e9 tipo de datos tenemos sobre su persona y c\u00f3mo los hemos obtenido?\",\"breadcrumb\":{\"@id\":\"https:\\\/\\\/www.marocchallenge.com\\\/it\\\/privacidad\\\/#breadcrumb\"},\"inLanguage\":\"it-IT\",\"potentialAction\":[{\"@type\":\"ReadAction\",\"target\":[\"https:\\\/\\\/www.marocchallenge.com\\\/it\\\/privacidad\\\/\"]}]},{\"@type\":\"ImageObject\",\"inLanguage\":\"it-IT\",\"@id\":\"https:\\\/\\\/www.marocchallenge.com\\\/it\\\/privacidad\\\/#primaryimage\",\"url\":\"https:\\\/\\\/www.marocchallenge.com\\\/wp-content\\\/uploads\\\/2021\\\/09\\\/splash_screen-300x300_maroc.png\",\"contentUrl\":\"https:\\\/\\\/www.marocchallenge.com\\\/wp-content\\\/uploads\\\/2021\\\/09\\\/splash_screen-300x300_maroc.png\",\"width\":300,\"height\":300},{\"@type\":\"BreadcrumbList\",\"@id\":\"https:\\\/\\\/www.marocchallenge.com\\\/it\\\/privacidad\\\/#breadcrumb\",\"itemListElement\":[{\"@type\":\"ListItem\",\"position\":1,\"name\":\"Portada\",\"item\":\"https:\\\/\\\/www.marocchallenge.com\\\/it\\\/\"},{\"@type\":\"ListItem\",\"position\":2,\"name\":\"Privacidad\"}]},{\"@type\":\"WebSite\",\"@id\":\"https:\\\/\\\/www.marocchallenge.com\\\/it\\\/#website\",\"url\":\"https:\\\/\\\/www.marocchallenge.com\\\/it\\\/\",\"name\":\"Maroc Challenge\",\"description\":\"La Dakar degli anni 70 pergli avventurosi di oggi\",\"publisher\":{\"@id\":\"https:\\\/\\\/www.marocchallenge.com\\\/it\\\/#organization\"},\"potentialAction\":[{\"@type\":\"SearchAction\",\"target\":{\"@type\":\"EntryPoint\",\"urlTemplate\":\"https:\\\/\\\/www.marocchallenge.com\\\/it\\\/?s={search_term_string}\"},\"query-input\":{\"@type\":\"PropertyValueSpecification\",\"valueRequired\":true,\"valueName\":\"search_term_string\"}}],\"inLanguage\":\"it-IT\"},{\"@type\":\"Organization\",\"@id\":\"https:\\\/\\\/www.marocchallenge.com\\\/it\\\/#organization\",\"name\":\"Maroc Challenge - El Dakar de los 70's para los aventureros de hoy\",\"url\":\"https:\\\/\\\/www.marocchallenge.com\\\/it\\\/\",\"logo\":{\"@type\":\"ImageObject\",\"inLanguage\":\"it-IT\",\"@id\":\"https:\\\/\\\/www.marocchallenge.com\\\/it\\\/#\\\/schema\\\/logo\\\/image\\\/\",\"url\":\"https:\\\/\\\/www.marocchallenge.com\\\/wp-content\\\/uploads\\\/2020\\\/03\\\/Logo-Maroc_Challenge.png\",\"contentUrl\":\"https:\\\/\\\/www.marocchallenge.com\\\/wp-content\\\/uploads\\\/2020\\\/03\\\/Logo-Maroc_Challenge.png\",\"width\":170,\"height\":96,\"caption\":\"Maroc Challenge - El Dakar de los 70's para los aventureros de hoy\"},\"image\":{\"@id\":\"https:\\\/\\\/www.marocchallenge.com\\\/it\\\/#\\\/schema\\\/logo\\\/image\\\/\"},\"sameAs\":[\"https:\\\/\\\/www.facebook.com\\\/MarocChallenge\\\/\",\"https:\\\/\\\/x.com\\\/marochallenge\",\"https:\\\/\\\/www.instagram.com\\\/marocchallenge\\\/\",\"https:\\\/\\\/www.linkedin.com\\\/company\\\/maroc-challenge\",\"https:\\\/\\\/www.youtube.com\\\/user\\\/MarocChallenge\"]}]}<\/script>\n<!-- \/ Yoast SEO plugin. -->","yoast_head_json":{"title":"Maroc Challenge - Privacidad","description":"\u00bfQu\u00e9 tipo de datos tenemos sobre su persona y c\u00f3mo los hemos obtenido?","robots":{"index":"index","follow":"follow","max-snippet":"max-snippet:-1","max-image-preview":"max-image-preview:large","max-video-preview":"max-video-preview:-1"},"canonical":"https:\/\/www.marocchallenge.com\/it\/privacidad\/","og_locale":"it_IT","og_type":"article","og_title":"Maroc Challenge - Privacidad","og_description":"\u00bfQu\u00e9 tipo de datos tenemos sobre su persona y c\u00f3mo los hemos obtenido?","og_url":"https:\/\/www.marocchallenge.com\/it\/privacidad\/","og_site_name":"Maroc Challenge","article_publisher":"https:\/\/www.facebook.com\/MarocChallenge\/","article_modified_time":"2020-12-29T09:24:47+00:00","og_image":[{"width":300,"height":300,"url":"https:\/\/www.marocchallenge.com\/wp-content\/uploads\/2021\/09\/splash_screen-300x300_maroc.png","type":"image\/png"}],"twitter_card":"summary_large_image","twitter_site":"@marochallenge","twitter_misc":{"Tempo di lettura stimato":"2 minuti"},"schema":{"@context":"https:\/\/schema.org","@graph":[{"@type":"WebPage","@id":"https:\/\/www.marocchallenge.com\/it\/privacidad\/","url":"https:\/\/www.marocchallenge.com\/it\/privacidad\/","name":"Maroc Challenge - Privacidad","isPartOf":{"@id":"https:\/\/www.marocchallenge.com\/it\/#website"},"primaryImageOfPage":{"@id":"https:\/\/www.marocchallenge.com\/it\/privacidad\/#primaryimage"},"image":{"@id":"https:\/\/www.marocchallenge.com\/it\/privacidad\/#primaryimage"},"thumbnailUrl":"https:\/\/www.marocchallenge.com\/wp-content\/uploads\/2021\/09\/splash_screen-300x300_maroc.png","datePublished":"2020-02-27T14:25:07+00:00","dateModified":"2020-12-29T09:24:47+00:00","description":"\u00bfQu\u00e9 tipo de datos tenemos sobre su persona y c\u00f3mo los hemos obtenido?","breadcrumb":{"@id":"https:\/\/www.marocchallenge.com\/it\/privacidad\/#breadcrumb"},"inLanguage":"it-IT","potentialAction":[{"@type":"ReadAction","target":["https:\/\/www.marocchallenge.com\/it\/privacidad\/"]}]},{"@type":"ImageObject","inLanguage":"it-IT","@id":"https:\/\/www.marocchallenge.com\/it\/privacidad\/#primaryimage","url":"https:\/\/www.marocchallenge.com\/wp-content\/uploads\/2021\/09\/splash_screen-300x300_maroc.png","contentUrl":"https:\/\/www.marocchallenge.com\/wp-content\/uploads\/2021\/09\/splash_screen-300x300_maroc.png","width":300,"height":300},{"@type":"BreadcrumbList","@id":"https:\/\/www.marocchallenge.com\/it\/privacidad\/#breadcrumb","itemListElement":[{"@type":"ListItem","position":1,"name":"Portada","item":"https:\/\/www.marocchallenge.com\/it\/"},{"@type":"ListItem","position":2,"name":"Privacidad"}]},{"@type":"WebSite","@id":"https:\/\/www.marocchallenge.com\/it\/#website","url":"https:\/\/www.marocchallenge.com\/it\/","name":"Maroc Challenge","description":"La Dakar degli anni 70 pergli avventurosi di oggi","publisher":{"@id":"https:\/\/www.marocchallenge.com\/it\/#organization"},"potentialAction":[{"@type":"SearchAction","target":{"@type":"EntryPoint","urlTemplate":"https:\/\/www.marocchallenge.com\/it\/?s={search_term_string}"},"query-input":{"@type":"PropertyValueSpecification","valueRequired":true,"valueName":"search_term_string"}}],"inLanguage":"it-IT"},{"@type":"Organization","@id":"https:\/\/www.marocchallenge.com\/it\/#organization","name":"Maroc Challenge - El Dakar de los 70's para los aventureros de hoy","url":"https:\/\/www.marocchallenge.com\/it\/","logo":{"@type":"ImageObject","inLanguage":"it-IT","@id":"https:\/\/www.marocchallenge.com\/it\/#\/schema\/logo\/image\/","url":"https:\/\/www.marocchallenge.com\/wp-content\/uploads\/2020\/03\/Logo-Maroc_Challenge.png","contentUrl":"https:\/\/www.marocchallenge.com\/wp-content\/uploads\/2020\/03\/Logo-Maroc_Challenge.png","width":170,"height":96,"caption":"Maroc Challenge - El Dakar de los 70's para los aventureros de hoy"},"image":{"@id":"https:\/\/www.marocchallenge.com\/it\/#\/schema\/logo\/image\/"},"sameAs":["https:\/\/www.facebook.com\/MarocChallenge\/","https:\/\/x.com\/marochallenge","https:\/\/www.instagram.com\/marocchallenge\/","https:\/\/www.linkedin.com\/company\/maroc-challenge","https:\/\/www.youtube.com\/user\/MarocChallenge"]}]}},"_links":{"self":[{"href":"https:\/\/www.marocchallenge.com\/it\/wp-json\/wp\/v2\/pages\/11480","targetHints":{"allow":["GET"]}}],"collection":[{"href":"https:\/\/www.marocchallenge.com\/it\/wp-json\/wp\/v2\/pages"}],"about":[{"href":"https:\/\/www.marocchallenge.com\/it\/wp-json\/wp\/v2\/types\/page"}],"author":[{"embeddable":true,"href":"https:\/\/www.marocchallenge.com\/it\/wp-json\/wp\/v2\/users\/5"}],"replies":[{"embeddable":true,"href":"https:\/\/www.marocchallenge.com\/it\/wp-json\/wp\/v2\/comments?post=11480"}],"version-history":[{"count":5,"href":"https:\/\/www.marocchallenge.com\/it\/wp-json\/wp\/v2\/pages\/11480\/revisions"}],"predecessor-version":[{"id":16309,"href":"https:\/\/www.marocchallenge.com\/it\/wp-json\/wp\/v2\/pages\/11480\/revisions\/16309"}],"wp:featuredmedia":[{"embeddable":true,"href":"https:\/\/www.marocchallenge.com\/it\/wp-json\/wp\/v2\/media\/17219"}],"wp:attachment":[{"href":"https:\/\/www.marocchallenge.com\/it\/wp-json\/wp\/v2\/media?parent=11480"}],"curies":[{"name":"wp","href":"https:\/\/api.w.org\/{rel}","templated":true}]}}